{"id":948,"date":"2020-06-10T11:51:29","date_gmt":"2020-06-10T11:51:29","guid":{"rendered":"https:\/\/shenronltd.com\/?post_type=product&#038;p=948"},"modified":"2020-06-16T09:58:35","modified_gmt":"2020-06-16T09:58:35","slug":"550w-oilless-air-motor-for-mute-air-compressor-sp550","status":"publish","type":"product","link":"https:\/\/shenronltd.com\/vi\/san-pham\/550w-oilless-air-motor-for-mute-air-compressor-sp550\/","title":{"rendered":"\u0110\u1ed9ng c\u01a1 kh\u00f4ng kh\u00ed 550w Oilless cho m\u00e1y n\u00e9n kh\u00ed c\u00e2m SP550"},"content":{"rendered":"<h4>Th\u00f4ng s\u1ed1 k\u1ef9 thu\u1eadt<\/h4>\n<p>&nbsp;<\/p>\n<p>\u0110i\u1ec7n \u00e1p \u0111\u1ecbnh m\u1ee9c: 110-220V<\/p>\n<p>C\u00f4ng su\u1ea5t \u0111\u1ea7u v\u00e0o: 550W<\/p>\n<p>T\u1ed1c \u0111\u1ed9 \u0111\u1ecbnh m\u1ee9c: \u22651400 \/ 1680<\/p>\n<p>Nhi\u1ec7t \u0111\u1ed9: 5 ~ 40<\/p>\n<p>\u00c1p su\u1ea5t l\u00e0m vi\u1ec7c: 800Kpa (115PSI)<\/p>\n<p>L\u01b0u l\u01b0\u1ee3ng th\u1ec3 t\u00edch: 3,7CFM (105L \/ ph\u00fat)<\/p>\n<p>\u00c1p l\u1ef1c b\u1eaft \u0111\u1ea7u l\u1ea1i: 0Kpa (OPSI)<\/p>\n<p>Ti\u1ebfng \u1ed3n: 55dB<\/p>\n<p>Tr\u1ecdng l\u01b0\u1ee3ng: 9Kg<\/p>\n<p>L\u1edbp c\u00e1ch \u0111i\u1ec7n: B<\/p>\n<p>B\u1ed9 b\u1ea3o v\u1ec7 n\u00f3ng: 135 \u00b1 5 (\u0110\u1eb7t l\u1ea1i t\u1ef1 \u0111\u1ed9ng)<\/p>\n<p>L * W * H (CM): 271 * 130 * 185mm<\/p>","protected":false},"excerpt":{"rendered":"<p>M\u1eabu s\u1ed1: SP550<br \/>\n\u0110\u01a1n h\u00e0ng t\u1ed1i thi\u1ec3u: 50 chi\u1ebfc<br \/>\nTh\u1eddi gian giao h\u00e0ng: 25-35 ng\u00e0y<\/p>","protected":false},"featured_media":959,"comment_status":"closed","ping_status":"closed","template":"","meta":{"_uag_custom_page_level_css":"","_kad_post_transparent":"","_kad_post_title":"","_kad_post_layout":"","_kad_post_sidebar_id":"","_kad_post_content_style":"","_kad_post_vertical_padding":"","_kad_post_feature":"","_kad_post_feature_position":"","_kad_post_header":false,"_kad_post_footer":false,"_kad_post_classname":""},"product_brand":[],"product_cat":[29],"product_tag":[30,31,25,23],"class_list":{"0":"post-948","1":"product","2":"type-product","3":"status-publish","4":"has-post-thumbnail","6":"product_cat-air-pump","7":"product_tag-air-pump","8":"product_tag-compressor-motor","9":"product_tag-noiseless","10":"product_tag-oil-free","12":"first","13":"instock","14":"shipping-taxable","15":"product-type-simple","16":"entry","17":"content-bg","18":"loop-entry"},"uagb_featured_image_src":{"full":["https:\/\/shenronltd.com\/wp-content\/uploads\/2020\/06\/580w-Oilless-Air-Motor-For-Mute-Air-Compressor-SP550-1.jpg",1600,1600,false],"thumbnail":["https:\/\/shenronltd.com\/wp-content\/uploads\/2020\/06\/580w-Oilless-Air-Motor-For-Mute-Air-Compressor-SP550-1-150x150.jpg",150,150,true],"medium":["https:\/\/shenronltd.com\/wp-content\/uploads\/2020\/06\/580w-Oilless-Air-Motor-For-Mute-Air-Compressor-SP550-1-300x300.jpg",300,300,true],"medium_large":["https:\/\/shenronltd.com\/wp-content\/uploads\/2020\/06\/580w-Oilless-Air-Motor-For-Mute-Air-Compressor-SP550-1-768x768.jpg",768,768,true],"large":["https:\/\/shenronltd.com\/wp-content\/uploads\/2020\/06\/580w-Oilless-Air-Motor-For-Mute-Air-Compressor-SP550-1-1024x1024.jpg",1024,1024,true],"1536x1536":["https:\/\/shenronltd.com\/wp-content\/uploads\/2020\/06\/580w-Oilless-Air-Motor-For-Mute-Air-Compressor-SP550-1-1536x1536.jpg",1536,1536,true],"2048x2048":["https:\/\/shenronltd.com\/wp-content\/uploads\/2020\/06\/580w-Oilless-Air-Motor-For-Mute-Air-Compressor-SP550-1.jpg",1600,1600,false],"trp-custom-language-flag":["https:\/\/shenronltd.com\/wp-content\/uploads\/2020\/06\/580w-Oilless-Air-Motor-For-Mute-Air-Compressor-SP550-1.jpg",12,12,false],"woocommerce_thumbnail":["https:\/\/shenronltd.com\/wp-content\/uploads\/2020\/06\/580w-Oilless-Air-Motor-For-Mute-Air-Compressor-SP550-1-300x400.jpg",300,400,true],"woocommerce_single":["https:\/\/shenronltd.com\/wp-content\/uploads\/2020\/06\/580w-Oilless-Air-Motor-For-Mute-Air-Compressor-SP550-1-600x600.jpg",600,600,true],"woocommerce_gallery_thumbnail":["https:\/\/shenronltd.com\/wp-content\/uploads\/2020\/06\/580w-Oilless-Air-Motor-For-Mute-Air-Compressor-SP550-1-100x100.jpg",100,100,true]},"uagb_author_info":{"display_name":"Owner","author_link":"https:\/\/shenronltd.com\/vi\/author\/"},"uagb_comment_info":0,"uagb_excerpt":"Model No: SP550 Minimum Order:50 pcs Delivery Time:25-35 days","_links":{"self":[{"href":"https:\/\/shenronltd.com\/vi\/wp-json\/wp\/v2\/product\/948","targetHints":{"allow":["GET"]}}],"collection":[{"href":"https:\/\/shenronltd.com\/vi\/wp-json\/wp\/v2\/product"}],"about":[{"href":"https:\/\/shenronltd.com\/vi\/wp-json\/wp\/v2\/types\/product"}],"replies":[{"embeddable":true,"href":"https:\/\/shenronltd.com\/vi\/wp-json\/wp\/v2\/comments?post=948"}],"wp:featuredmedia":[{"embeddable":true,"href":"https:\/\/shenronltd.com\/vi\/wp-json\/wp\/v2\/media\/959"}],"wp:attachment":[{"href":"https:\/\/shenronltd.com\/vi\/wp-json\/wp\/v2\/media?parent=948"}],"wp:term":[{"taxonomy":"product_brand","embeddable":true,"href":"https:\/\/shenronltd.com\/vi\/wp-json\/wp\/v2\/product_brand?post=948"},{"taxonomy":"product_cat","embeddable":true,"href":"https:\/\/shenronltd.com\/vi\/wp-json\/wp\/v2\/product_cat?post=948"},{"taxonomy":"product_tag","embeddable":true,"href":"https:\/\/shenronltd.com\/vi\/wp-json\/wp\/v2\/product_tag?post=948"}],"curies":[{"name":"wp","href":"https:\/\/api.w.org\/{rel}","templated":true}]}}