{"id":924,"date":"2020-06-10T09:27:28","date_gmt":"2020-06-10T09:27:28","guid":{"rendered":"https:\/\/shenronltd.com\/?post_type=product&#038;p=924"},"modified":"2023-03-29T00:05:13","modified_gmt":"2023-03-29T00:05:13","slug":"portable-electric-air-compressor-24-liter-dark-blue-sp-550-24","status":"publish","type":"product","link":"https:\/\/shenronltd.com\/vi\/san-pham\/portable-electric-air-compressor-24-liter-dark-blue-sp-550-24\/","title":{"rendered":"M\u00e1y n\u00e9n kh\u00ed c\u1ea7m tay, 24 l\u00edt, Dark Blue SP-550\/24"},"content":{"rendered":"<h4>Th\u00f4ng s\u1ed1 k\u1ef9 thu\u1eadt<\/h4>\n<p>&nbsp;<\/p>\n<p>M\u00e1y n\u00e9n kh\u00ed im l\u1eb7ng v\u00e0 kh\u00f4ng d\u1ea7u<\/p>\n<p>1) m\u00e1y n\u00e9n kh\u00ed ph\u1ea7n c\u1ee9ng im l\u1eb7ng kh\u00f4ng d\u1ea7u<\/p>\n<p>2) Ch\u1ee9ng nh\u1eadn CE v\u00e0 b\u1ec1n v\u00e0 \u1ed5n \u0111\u1ecbnh,<\/p>\n<p>3) \u0111\u01b0\u1ee3c s\u1eed d\u1ee5ng trong nha khoa, y t\u1ebf, t\u1ea1o oxy, t\u00e0u gia \u0111\u00ecnh<\/p>\n<p>4) 0,58kw, 3 \/ 4HP, ti\u1ebfng \u1ed3n d\u01b0\u1edbi 50db M\u00e1y n\u00e9n kh\u00ed di \u0111\u1ed9ng b\u1eb1ng \u0111i\u1ec7n, 24 l\u00edt, Xanh \u0111\u1eadm<\/p>\n<p>&nbsp;<\/p>\n<p>\u0110i\u1ec7n \u00e1p: 110-220V<\/p>\n<p>C\u00f4ng su\u1ea5t (W): 550<\/p>\n<p>C\u00f4ng su\u1ea5t (L \/ ph\u00fat): 105<\/p>\n<p>Ti\u1ebfng \u1ed3n (dB): 48<\/p>\n<p>T\u1ed1c \u0111\u1ed9 (r \/ ph\u00fat): 1400\/1680<\/p>\n<p>B\u1ec3 (L): 24<\/p>\n<p>T\u1ed1i \u0111a \u00e1p su\u1ea5t (Mpa): 0,8<\/p>\n<p>\u00c1p su\u1ea5t kh\u1edfi \u0111\u1ed9ng (Mpa): 0,6<\/p>\n<p>K\u00edch th\u01b0\u1edbc (L * W * Hmm): 580 * 320 * 580<\/p>","protected":false},"excerpt":{"rendered":"<p>M\u1eabu s\u1ed1: SP-550\/24<br \/>\n\u0110\u01a1n h\u00e0ng t\u1ed1i thi\u1ec3u: 30 chi\u1ebfc<br \/>\nTh\u1eddi gian giao h\u00e0ng: 25-35 ng\u00e0y<\/p>","protected":false},"featured_media":926,"comment_status":"closed","ping_status":"closed","template":"","meta":{"_uag_custom_page_level_css":"","_kad_post_transparent":"","_kad_post_title":"","_kad_post_layout":"","_kad_post_sidebar_id":"","_kad_post_content_style":"","_kad_post_vertical_padding":"","_kad_post_feature":"","_kad_post_feature_position":"","_kad_post_header":false,"_kad_post_footer":false,"_kad_post_classname":""},"product_brand":[],"product_cat":[19],"product_tag":[26,27,25,23,24],"class_list":{"0":"post-924","1":"product","2":"type-product","3":"status-publish","4":"has-post-thumbnail","6":"product_cat-oil-free-air-compressor","7":"product_tag-automatic","8":"product_tag-industrial","9":"product_tag-noiseless","10":"product_tag-oil-free","11":"product_tag-silent","13":"first","14":"instock","15":"shipping-taxable","16":"product-type-simple","17":"entry","18":"content-bg","19":"loop-entry"},"uagb_featured_image_src":{"full":["https:\/\/shenronltd.com\/wp-content\/uploads\/2020\/06\/24L-1-scaled.jpg",2560,2560,false],"thumbnail":["https:\/\/shenronltd.com\/wp-content\/uploads\/2020\/06\/24L-1-150x150.jpg",150,150,true],"medium":["https:\/\/shenronltd.com\/wp-content\/uploads\/2020\/06\/24L-1-300x300.jpg",300,300,true],"medium_large":["https:\/\/shenronltd.com\/wp-content\/uploads\/2020\/06\/24L-1-768x768.jpg",768,768,true],"large":["https:\/\/shenronltd.com\/wp-content\/uploads\/2020\/06\/24L-1-1024x1024.jpg",1024,1024,true],"1536x1536":["https:\/\/shenronltd.com\/wp-content\/uploads\/2020\/06\/24L-1-1536x1536.jpg",1536,1536,true],"2048x2048":["https:\/\/shenronltd.com\/wp-content\/uploads\/2020\/06\/24L-1-2048x2048.jpg",2048,2048,true],"trp-custom-language-flag":["https:\/\/shenronltd.com\/wp-content\/uploads\/2020\/06\/24L-1-scaled.jpg",12,12,false],"woocommerce_thumbnail":["https:\/\/shenronltd.com\/wp-content\/uploads\/2020\/06\/24L-1-scaled-300x400.jpg",300,400,true],"woocommerce_single":["https:\/\/shenronltd.com\/wp-content\/uploads\/2020\/06\/24L-1-scaled-600x600.jpg",600,600,true],"woocommerce_gallery_thumbnail":["https:\/\/shenronltd.com\/wp-content\/uploads\/2020\/06\/24L-1-scaled-100x100.jpg",100,100,true]},"uagb_author_info":{"display_name":"Owner","author_link":"https:\/\/shenronltd.com\/vi\/author\/"},"uagb_comment_info":0,"uagb_excerpt":"Model No: SP-550\/24 Minimum Order:30 pcs Delivery Time:25-35 days","_links":{"self":[{"href":"https:\/\/shenronltd.com\/vi\/wp-json\/wp\/v2\/product\/924","targetHints":{"allow":["GET"]}}],"collection":[{"href":"https:\/\/shenronltd.com\/vi\/wp-json\/wp\/v2\/product"}],"about":[{"href":"https:\/\/shenronltd.com\/vi\/wp-json\/wp\/v2\/types\/product"}],"replies":[{"embeddable":true,"href":"https:\/\/shenronltd.com\/vi\/wp-json\/wp\/v2\/comments?post=924"}],"wp:featuredmedia":[{"embeddable":true,"href":"https:\/\/shenronltd.com\/vi\/wp-json\/wp\/v2\/media\/926"}],"wp:attachment":[{"href":"https:\/\/shenronltd.com\/vi\/wp-json\/wp\/v2\/media?parent=924"}],"wp:term":[{"taxonomy":"product_brand","embeddable":true,"href":"https:\/\/shenronltd.com\/vi\/wp-json\/wp\/v2\/product_brand?post=924"},{"taxonomy":"product_cat","embeddable":true,"href":"https:\/\/shenronltd.com\/vi\/wp-json\/wp\/v2\/product_cat?post=924"},{"taxonomy":"product_tag","embeddable":true,"href":"https:\/\/shenronltd.com\/vi\/wp-json\/wp\/v2\/product_tag?post=924"}],"curies":[{"name":"wp","href":"https:\/\/api.w.org\/{rel}","templated":true}]}}