{"id":922,"date":"2020-06-10T09:19:36","date_gmt":"2020-06-10T09:19:36","guid":{"rendered":"https:\/\/shenronltd.com\/?post_type=product&#038;p=922"},"modified":"2023-03-29T00:03:59","modified_gmt":"2023-03-29T00:03:59","slug":"noiseless-totally-automatic-air-compressors-sp480-09","status":"publish","type":"product","link":"https:\/\/shenronltd.com\/vi\/san-pham\/noiseless-totally-automatic-air-compressors-sp480-09\/","title":{"rendered":"m\u00e1y n\u00e9n kh\u00ed ho\u00e0n to\u00e0n t\u1ef1 \u0111\u1ed9ng \u1ed3n \u00e0o SP480 \/ 09"},"content":{"rendered":"<p><strong>M\u00e1y n\u00e9n kh\u00ed ho\u00e0n to\u00e0n t\u1ef1 \u0111\u1ed9ng \u1ed3n \u00e0o Hi\u1ec7u su\u1ea5t cao, ti\u1ebft ki\u1ec7m n\u0103ng l\u01b0\u1ee3ng 100% kh\u00f4ng d\u1ea7u, nha khoa di \u0111\u1ed9ng im l\u1eb7ng, ph\u00f2ng th\u00ed nghi\u1ec7m s\u1eed d\u1ee5ng \u0111\u1eb7c bi\u1ec7t<\/strong><\/p>\n<h4>Th\u00f4ng s\u1ed1 k\u1ef9 thu\u1eadt<\/h4>\n<p>&nbsp;<\/p>\n<p>\u0110i\u1ec7n \u00e1p: 220v \/ 110v; 50HZ \/ 60HZ<\/p>\n<p>C\u00f4ng su\u1ea5t (W): 480<\/p>\n<p>C\u00f4ng su\u1ea5t (L \/ ph\u00fat): 89<\/p>\n<p>Ti\u1ebfng \u1ed3n (dB): 48<\/p>\n<p>T\u1ed1c \u0111\u1ed9 (r \/ ph\u00fat): 1400\/1680<\/p>\n<p>Xe t\u0103ng (L): 9<\/p>\n<p>T\u1ed1i \u0111a \u00e1p su\u1ea5t (Mpa): 0,8<\/p>\n<p>\u00c1p su\u1ea5t kh\u1edfi \u0111\u1ed9ng (Mpa): 0,6<\/p>\n<p>K\u00edch th\u01b0\u1edbc (L * W * Hmm): 490 * 230 * 530<\/p>","protected":false},"excerpt":{"rendered":"<p>M\u1eabu s\u1ed1: SP480 \/ 09<br \/>\n\u0110\u01a1n h\u00e0ng t\u1ed1i thi\u1ec3u: 30 chi\u1ebfc<br \/>\nTh\u1eddi gian giao h\u00e0ng: 25-35 ng\u00e0y<\/p>","protected":false},"featured_media":923,"comment_status":"closed","ping_status":"closed","template":"","meta":{"_uag_custom_page_level_css":"","_kad_post_transparent":"","_kad_post_title":"","_kad_post_layout":"","_kad_post_sidebar_id":"","_kad_post_content_style":"","_kad_post_vertical_padding":"","_kad_post_feature":"","_kad_post_feature_position":"","_kad_post_header":false,"_kad_post_footer":false,"_kad_post_classname":""},"product_brand":[],"product_cat":[19],"product_tag":[26,27,25,23,24],"class_list":{"0":"post-922","1":"product","2":"type-product","3":"status-publish","4":"has-post-thumbnail","6":"product_cat-oil-free-air-compressor","7":"product_tag-automatic","8":"product_tag-industrial","9":"product_tag-noiseless","10":"product_tag-oil-free","11":"product_tag-silent","13":"first","14":"instock","15":"shipping-taxable","16":"product-type-simple","17":"entry","18":"content-bg","19":"loop-entry"},"uagb_featured_image_src":{"full":["https:\/\/shenronltd.com\/wp-content\/uploads\/2020\/06\/09L-scaled.jpg",2560,2560,false],"thumbnail":["https:\/\/shenronltd.com\/wp-content\/uploads\/2020\/06\/09L-150x150.jpg",150,150,true],"medium":["https:\/\/shenronltd.com\/wp-content\/uploads\/2020\/06\/09L-300x300.jpg",300,300,true],"medium_large":["https:\/\/shenronltd.com\/wp-content\/uploads\/2020\/06\/09L-768x768.jpg",768,768,true],"large":["https:\/\/shenronltd.com\/wp-content\/uploads\/2020\/06\/09L-1024x1024.jpg",1024,1024,true],"1536x1536":["https:\/\/shenronltd.com\/wp-content\/uploads\/2020\/06\/09L-1536x1536.jpg",1536,1536,true],"2048x2048":["https:\/\/shenronltd.com\/wp-content\/uploads\/2020\/06\/09L-2048x2048.jpg",2048,2048,true],"trp-custom-language-flag":["https:\/\/shenronltd.com\/wp-content\/uploads\/2020\/06\/09L-scaled.jpg",12,12,false],"woocommerce_thumbnail":["https:\/\/shenronltd.com\/wp-content\/uploads\/2020\/06\/09L-scaled-300x400.jpg",300,400,true],"woocommerce_single":["https:\/\/shenronltd.com\/wp-content\/uploads\/2020\/06\/09L-scaled-600x600.jpg",600,600,true],"woocommerce_gallery_thumbnail":["https:\/\/shenronltd.com\/wp-content\/uploads\/2020\/06\/09L-scaled-100x100.jpg",100,100,true]},"uagb_author_info":{"display_name":"Owner","author_link":"https:\/\/shenronltd.com\/vi\/author\/"},"uagb_comment_info":0,"uagb_excerpt":"Model No: SP480\/09 Minimum Order:30 pcs Delivery Time:25-35 days","_links":{"self":[{"href":"https:\/\/shenronltd.com\/vi\/wp-json\/wp\/v2\/product\/922","targetHints":{"allow":["GET"]}}],"collection":[{"href":"https:\/\/shenronltd.com\/vi\/wp-json\/wp\/v2\/product"}],"about":[{"href":"https:\/\/shenronltd.com\/vi\/wp-json\/wp\/v2\/types\/product"}],"replies":[{"embeddable":true,"href":"https:\/\/shenronltd.com\/vi\/wp-json\/wp\/v2\/comments?post=922"}],"wp:featuredmedia":[{"embeddable":true,"href":"https:\/\/shenronltd.com\/vi\/wp-json\/wp\/v2\/media\/923"}],"wp:attachment":[{"href":"https:\/\/shenronltd.com\/vi\/wp-json\/wp\/v2\/media?parent=922"}],"wp:term":[{"taxonomy":"product_brand","embeddable":true,"href":"https:\/\/shenronltd.com\/vi\/wp-json\/wp\/v2\/product_brand?post=922"},{"taxonomy":"product_cat","embeddable":true,"href":"https:\/\/shenronltd.com\/vi\/wp-json\/wp\/v2\/product_cat?post=922"},{"taxonomy":"product_tag","embeddable":true,"href":"https:\/\/shenronltd.com\/vi\/wp-json\/wp\/v2\/product_tag?post=922"}],"curies":[{"name":"wp","href":"https:\/\/api.w.org\/{rel}","templated":true}]}}