{"id":918,"date":"2020-06-10T09:02:21","date_gmt":"2020-06-10T09:02:21","guid":{"rendered":"https:\/\/shenronltd.com\/?post_type=product&#038;p=918"},"modified":"2024-04-14T04:05:48","modified_gmt":"2024-04-14T04:05:48","slug":"silentplus-high-performance-oil-free-dental-air-compressor-sp210-8","status":"publish","type":"product","link":"https:\/\/shenronltd.com\/vi\/san-pham\/silentplus-high-performance-oil-free-dental-air-compressor-sp210-8\/","title":{"rendered":"M\u00e1y n\u00e9n kh\u00ed nha khoa kh\u00f4ng d\u1ea7u hi\u1ec7u su\u1ea5t cao Silentplus SP210 \/ 8"},"content":{"rendered":"<h2><strong>M\u00e1y n\u00e9n kh\u00ed nha khoa kh\u00f4ng d\u1ea7u hi\u1ec7u su\u1ea5t cao<\/strong><\/h2>\n<p>&nbsp;<\/p>\n<h4>Th\u00f4ng s\u1ed1 k\u1ef9 thu\u1eadt<\/h4>\n<p>&nbsp;<\/p>\n<p>\u0110i\u1ec7n \u00e1p: 220v \/ 110v; 50HZ \/ 60HZ<\/p>\n<p>C\u00f4ng su\u1ea5t (W): 3 * 750W<\/p>\n<p>C\u00f4ng su\u1ea5t (L \/ ph\u00fat): 450<\/p>\n<p>\u0110\u1ed9 \u1ed3n (dB): 60<\/p>\n<p>T\u1ed1c \u0111\u1ed9 (r \/ ph\u00fat): 1400\/1680<\/p>\n<p>Xe t\u0103ng (L): 100<\/p>\n<p>T\u1ed1i \u0111a \u00e1p su\u1ea5t (Mpa): 0,8<\/p>\n<p>\u00c1p su\u1ea5t kh\u1edfi \u0111\u1ed9ng (Mpa): 0,6<\/p>\n<p>K\u00edch th\u01b0\u1edbc (L * W * Hmm): 980 * 440 * 760<\/p>\n<p>L\u01b0u \u00fd: M\u1ed9t cho s\u00e1u \u0111\u01a1n v\u1ecb<\/p>","protected":false},"excerpt":{"rendered":"<p>M\u1eabu s\u1ed1: SP-210\/8<br \/>\n\u0110\u01a1n h\u00e0ng t\u1ed1i thi\u1ec3u: 30 chi\u1ebfc<br \/>\nTh\u1eddi gian giao h\u00e0ng: 25-35 ng\u00e0y<\/p>","protected":false},"featured_media":1694,"comment_status":"closed","ping_status":"closed","template":"","meta":{"_uag_custom_page_level_css":"","_kad_post_transparent":"","_kad_post_title":"","_kad_post_layout":"","_kad_post_sidebar_id":"","_kad_post_content_style":"","_kad_post_vertical_padding":"","_kad_post_feature":"","_kad_post_feature_position":"","_kad_post_header":false,"_kad_post_footer":false,"_kad_post_classname":""},"product_brand":[],"product_cat":[17],"product_tag":[22,23,24],"class_list":{"0":"post-918","1":"product","2":"type-product","3":"status-publish","4":"has-post-thumbnail","6":"product_cat-dental-air-compressor","7":"product_tag-debtal-air-compressor","8":"product_tag-oil-free","9":"product_tag-silent","11":"first","12":"instock","13":"shipping-taxable","14":"product-type-simple","15":"entry","16":"content-bg","17":"loop-entry"},"uagb_featured_image_src":{"full":["https:\/\/shenronltd.com\/wp-content\/uploads\/2020\/06\/dental_air_compressor_3HP-300X400.jpg",1080,1440,false],"thumbnail":["https:\/\/shenronltd.com\/wp-content\/uploads\/2020\/06\/dental_air_compressor_3HP-300X400-150x150.jpg",150,150,true],"medium":["https:\/\/shenronltd.com\/wp-content\/uploads\/2020\/06\/dental_air_compressor_3HP-300X400-225x300.jpg",225,300,true],"medium_large":["https:\/\/shenronltd.com\/wp-content\/uploads\/2020\/06\/dental_air_compressor_3HP-300X400-768x1024.jpg",768,1024,true],"large":["https:\/\/shenronltd.com\/wp-content\/uploads\/2020\/06\/dental_air_compressor_3HP-300X400-768x1024.jpg",768,1024,true],"1536x1536":["https:\/\/shenronltd.com\/wp-content\/uploads\/2020\/06\/dental_air_compressor_3HP-300X400.jpg",1080,1440,false],"2048x2048":["https:\/\/shenronltd.com\/wp-content\/uploads\/2020\/06\/dental_air_compressor_3HP-300X400.jpg",1080,1440,false],"trp-custom-language-flag":["https:\/\/shenronltd.com\/wp-content\/uploads\/2020\/06\/dental_air_compressor_3HP-300X400-9x12.jpg",9,12,true],"woocommerce_thumbnail":["https:\/\/shenronltd.com\/wp-content\/uploads\/2020\/06\/dental_air_compressor_3HP-300X400-300x400.jpg",300,400,true],"woocommerce_single":["https:\/\/shenronltd.com\/wp-content\/uploads\/2020\/06\/dental_air_compressor_3HP-300X400-600x800.jpg",600,800,true],"woocommerce_gallery_thumbnail":["https:\/\/shenronltd.com\/wp-content\/uploads\/2020\/06\/dental_air_compressor_3HP-300X400-100x100.jpg",100,100,true]},"uagb_author_info":{"display_name":"Owner","author_link":"https:\/\/shenronltd.com\/vi\/author\/"},"uagb_comment_info":0,"uagb_excerpt":"Model No: SP-210\/8 Minimum Order:30 pcs Delivery Time:25-35 days","_links":{"self":[{"href":"https:\/\/shenronltd.com\/vi\/wp-json\/wp\/v2\/product\/918","targetHints":{"allow":["GET"]}}],"collection":[{"href":"https:\/\/shenronltd.com\/vi\/wp-json\/wp\/v2\/product"}],"about":[{"href":"https:\/\/shenronltd.com\/vi\/wp-json\/wp\/v2\/types\/product"}],"replies":[{"embeddable":true,"href":"https:\/\/shenronltd.com\/vi\/wp-json\/wp\/v2\/comments?post=918"}],"wp:featuredmedia":[{"embeddable":true,"href":"https:\/\/shenronltd.com\/vi\/wp-json\/wp\/v2\/media\/1694"}],"wp:attachment":[{"href":"https:\/\/shenronltd.com\/vi\/wp-json\/wp\/v2\/media?parent=918"}],"wp:term":[{"taxonomy":"product_brand","embeddable":true,"href":"https:\/\/shenronltd.com\/vi\/wp-json\/wp\/v2\/product_brand?post=918"},{"taxonomy":"product_cat","embeddable":true,"href":"https:\/\/shenronltd.com\/vi\/wp-json\/wp\/v2\/product_cat?post=918"},{"taxonomy":"product_tag","embeddable":true,"href":"https:\/\/shenronltd.com\/vi\/wp-json\/wp\/v2\/product_tag?post=918"}],"curies":[{"name":"wp","href":"https:\/\/api.w.org\/{rel}","templated":true}]}}