{"id":917,"date":"2020-06-10T08:58:16","date_gmt":"2020-06-10T08:58:16","guid":{"rendered":"https:\/\/shenronltd.com\/?post_type=product&#038;p=917"},"modified":"2024-04-14T04:18:11","modified_gmt":"2024-04-14T04:18:11","slug":"electric-wheeled-portable-dental-compressor-sp-150-8","status":"publish","type":"product","link":"https:\/\/shenronltd.com\/vi\/san-pham\/electric-wheeled-portable-dental-compressor-sp-150-8\/","title":{"rendered":"M\u00e1y n\u00e9n nha khoa di \u0111\u1ed9ng c\u00f3 b\u00e1nh xe \u0111i\u1ec7n SP-150\/8"},"content":{"rendered":"<p><em><strong>M\u00e1y n\u00e9n nha khoa di \u0111\u1ed9ng b\u00e1nh xe \u0111i\u1ec7n\u00a0<\/strong><\/em><\/p>\n<h4>Th\u00f4ng s\u1ed1 k\u1ef9 thu\u1eadt<\/h4>\n<p>&nbsp;<\/p>\n<p>\u0110i\u1ec7n \u00e1p \u0111\u1ecbnh m\u1ee9c (V): 110\/220<\/p>\n<p>T\u1ea7n s\u1ed1 (HZ): 50\/60<\/p>\n<p>C\u00f4ng su\u1ea5t \u0111\u1ecbnh m\u1ee9c (W): 3 * 550w \/ 2,25HP<\/p>\n<p>L\u01b0u l\u01b0\u1ee3ng kh\u00ed (L \/ ph\u00fat): 315 \/(CFM):11.1<\/p>\n<p>T\u1ed1c \u0111\u1ed9 (v\u00f2ng \/ ph\u00fat): 1400\/1680 Ti\u1ebfng \u1ed3n (DB): 62<\/p>\n<p>\u00c1p su\u1ea5t t\u1ed1i \u0111a (BAR): 8 \/ (PSI): 115<\/p>\n<p>L\u00edt th\u00f9ng (L): 80 \/(GAL):21.3<\/p>\n<p>K\u00edch th\u01b0\u1edbc (mm): 980 * 370 * 720 Tr\u1ecdng l\u01b0\u1ee3ng (kg): 72<\/p>","protected":false},"excerpt":{"rendered":"<p>M\u1eabu s\u1ed1: SP-150\/8<br \/>\n\u0110\u01a1n h\u00e0ng t\u1ed1i thi\u1ec3u: 30 chi\u1ebfc<br \/>\nTh\u1eddi gian giao h\u00e0ng: 25-35 ng\u00e0y<\/p>","protected":false},"featured_media":1696,"comment_status":"closed","ping_status":"closed","template":"","meta":{"_uag_custom_page_level_css":"","_kad_post_transparent":"","_kad_post_title":"","_kad_post_layout":"","_kad_post_sidebar_id":"","_kad_post_content_style":"","_kad_post_vertical_padding":"","_kad_post_feature":"","_kad_post_feature_position":"","_kad_post_header":false,"_kad_post_footer":false,"_kad_post_classname":""},"product_brand":[],"product_cat":[17],"product_tag":[22,23,24],"class_list":{"0":"post-917","1":"product","2":"type-product","3":"status-publish","4":"has-post-thumbnail","6":"product_cat-dental-air-compressor","7":"product_tag-debtal-air-compressor","8":"product_tag-oil-free","9":"product_tag-silent","11":"first","12":"instock","13":"shipping-taxable","14":"product-type-simple","15":"entry","16":"content-bg","17":"loop-entry"},"uagb_featured_image_src":{"full":["https:\/\/shenronltd.com\/wp-content\/uploads\/2020\/06\/2.2HP-300400.jpg",1572,2096,false],"thumbnail":["https:\/\/shenronltd.com\/wp-content\/uploads\/2020\/06\/2.2HP-300400-150x150.jpg",150,150,true],"medium":["https:\/\/shenronltd.com\/wp-content\/uploads\/2020\/06\/2.2HP-300400-225x300.jpg",225,300,true],"medium_large":["https:\/\/shenronltd.com\/wp-content\/uploads\/2020\/06\/2.2HP-300400-768x1024.jpg",768,1024,true],"large":["https:\/\/shenronltd.com\/wp-content\/uploads\/2020\/06\/2.2HP-300400-768x1024.jpg",768,1024,true],"1536x1536":["https:\/\/shenronltd.com\/wp-content\/uploads\/2020\/06\/2.2HP-300400-1152x1536.jpg",1152,1536,true],"2048x2048":["https:\/\/shenronltd.com\/wp-content\/uploads\/2020\/06\/2.2HP-300400-1536x2048.jpg",1536,2048,true],"trp-custom-language-flag":["https:\/\/shenronltd.com\/wp-content\/uploads\/2020\/06\/2.2HP-300400-9x12.jpg",9,12,true],"woocommerce_thumbnail":["https:\/\/shenronltd.com\/wp-content\/uploads\/2020\/06\/2.2HP-300400-300x400.jpg",300,400,true],"woocommerce_single":["https:\/\/shenronltd.com\/wp-content\/uploads\/2020\/06\/2.2HP-300400-600x800.jpg",600,800,true],"woocommerce_gallery_thumbnail":["https:\/\/shenronltd.com\/wp-content\/uploads\/2020\/06\/2.2HP-300400-100x100.jpg",100,100,true]},"uagb_author_info":{"display_name":"Owner","author_link":"https:\/\/shenronltd.com\/vi\/author\/"},"uagb_comment_info":0,"uagb_excerpt":"Model No: SP-150\/8 Minimum Order:30 pcs Delivery Time:25-35 days","_links":{"self":[{"href":"https:\/\/shenronltd.com\/vi\/wp-json\/wp\/v2\/product\/917","targetHints":{"allow":["GET"]}}],"collection":[{"href":"https:\/\/shenronltd.com\/vi\/wp-json\/wp\/v2\/product"}],"about":[{"href":"https:\/\/shenronltd.com\/vi\/wp-json\/wp\/v2\/types\/product"}],"replies":[{"embeddable":true,"href":"https:\/\/shenronltd.com\/vi\/wp-json\/wp\/v2\/comments?post=917"}],"wp:featuredmedia":[{"embeddable":true,"href":"https:\/\/shenronltd.com\/vi\/wp-json\/wp\/v2\/media\/1696"}],"wp:attachment":[{"href":"https:\/\/shenronltd.com\/vi\/wp-json\/wp\/v2\/media?parent=917"}],"wp:term":[{"taxonomy":"product_brand","embeddable":true,"href":"https:\/\/shenronltd.com\/vi\/wp-json\/wp\/v2\/product_brand?post=917"},{"taxonomy":"product_cat","embeddable":true,"href":"https:\/\/shenronltd.com\/vi\/wp-json\/wp\/v2\/product_cat?post=917"},{"taxonomy":"product_tag","embeddable":true,"href":"https:\/\/shenronltd.com\/vi\/wp-json\/wp\/v2\/product_tag?post=917"}],"curies":[{"name":"wp","href":"https:\/\/api.w.org\/{rel}","templated":true}]}}