{"id":912,"date":"2020-06-10T08:33:31","date_gmt":"2020-06-10T08:33:31","guid":{"rendered":"https:\/\/shenronltd.com\/?post_type=product&#038;p=912"},"modified":"2023-03-29T00:00:04","modified_gmt":"2023-03-29T00:00:04","slug":"dental-air-compressor-medical-use-noiseless-and-oil-less","status":"publish","type":"product","link":"https:\/\/shenronltd.com\/vi\/san-pham\/dental-air-compressor-medical-use-noiseless-and-oil-less\/","title":{"rendered":"M\u00e1y n\u00e9n kh\u00ed nha khoa S\u1eed d\u1ee5ng y t\u1ebf Kh\u00f4ng \u1ed3n \u00e0o v\u00e0 \u00edt d\u1ea7u"},"content":{"rendered":"<p>M\u00e1y n\u00e9n kh\u00ed nha khoa S\u1eed d\u1ee5ng y t\u1ebf Kh\u00f4ng \u1ed3n \u00e0o v\u00e0 \u00edt d\u1ea7u v\u1edbi ch\u1ea5t l\u01b0\u1ee3ng t\u1ed1t, si\u00eau im l\u1eb7ng v\u00e0 cung c\u1ea5p kh\u00f4ng kh\u00ed s\u1ea1ch cho thi\u1ebft b\u1ecb nha khoa.<\/p>\n<h4>Th\u00f4ng s\u1ed1 k\u1ef9 thu\u1eadt<\/h4>\n<p>&nbsp;<\/p>\n<p>\u0110i\u1ec7n \u00e1p \u0111\u1ecbnh m\u1ee9c: 220v \/ 110v<\/p>\n<p>T\u1ea7n s\u1ed1: 50Hz \/ 60HZ<\/p>\n<p>C\u00f4ng su\u1ea5t: 750W \/ 1HP<\/p>\n<p>T\u1ed1c \u0111\u1ed9 quay: 1400RPM \/ 1680RPM<\/p>\n<p>Dung t\u00edch hi\u1ec7n t\u1ea1i: 150L \/ ph\u00fat<\/p>\n<p>Ti\u1ebfng \u1ed3n: 55dB \u00c1p su\u1ea5t l\u00e0m vi\u1ec7c: 0.8Mpa<\/p>\n<p>\u00c1p su\u1ea5t x\u1ea3 c\u1ed1 \u0111\u1ecbnh: 0,85Mpa<\/p>\n<p>Th\u1ec3 t\u00edch: 35L L * W * H (CM): 440 * 440 * 660<\/p>\n<p>L\u01b0u \u00fd: m\u1ed9t cho hai \u0111\u01a1n v\u1ecb<\/p>","protected":false},"excerpt":{"rendered":"<p>M\u1eabu s\u1ed1: SP-70\/8<br \/>\n\u0110\u01a1n h\u00e0ng t\u1ed1i thi\u1ec3u: 30 chi\u1ebfc<br \/>\nTh\u1eddi gian giao h\u00e0ng: 25-35 ng\u00e0y<\/p>","protected":false},"featured_media":620,"comment_status":"closed","ping_status":"closed","template":"","meta":{"_uag_custom_page_level_css":"","_kad_post_transparent":"","_kad_post_title":"","_kad_post_layout":"","_kad_post_sidebar_id":"","_kad_post_content_style":"","_kad_post_vertical_padding":"","_kad_post_feature":"","_kad_post_feature_position":"","_kad_post_header":false,"_kad_post_footer":false,"_kad_post_classname":""},"product_brand":[],"product_cat":[17],"product_tag":[22,23,24],"class_list":{"0":"post-912","1":"product","2":"type-product","3":"status-publish","4":"has-post-thumbnail","6":"product_cat-dental-air-compressor","7":"product_tag-debtal-air-compressor","8":"product_tag-oil-free","9":"product_tag-silent","11":"first","12":"instock","13":"shipping-taxable","14":"product-type-simple","15":"entry","16":"content-bg","17":"loop-entry"},"uagb_featured_image_src":{"full":["https:\/\/shenronltd.com\/wp-content\/uploads\/2020\/06\/1HP-35L-1-e1591580402368.jpg",1024,1024,false],"thumbnail":["https:\/\/shenronltd.com\/wp-content\/uploads\/2020\/06\/1HP-35L-1-150x150.jpg",150,150,true],"medium":["https:\/\/shenronltd.com\/wp-content\/uploads\/2020\/06\/1HP-35L-1-300x300.jpg",300,300,true],"medium_large":["https:\/\/shenronltd.com\/wp-content\/uploads\/2020\/06\/1HP-35L-1-768x768.jpg",768,768,true],"large":["https:\/\/shenronltd.com\/wp-content\/uploads\/2020\/06\/1HP-35L-1-1024x1024.jpg",1024,1024,true],"1536x1536":["https:\/\/shenronltd.com\/wp-content\/uploads\/2020\/06\/1HP-35L-1-1536x1536.jpg",1536,1536,true],"2048x2048":["https:\/\/shenronltd.com\/wp-content\/uploads\/2020\/06\/1HP-35L-1-e1591580402368.jpg",1024,1024,false],"trp-custom-language-flag":["https:\/\/shenronltd.com\/wp-content\/uploads\/2020\/06\/1HP-35L-1-e1591580402368.jpg",12,12,false],"woocommerce_thumbnail":["https:\/\/shenronltd.com\/wp-content\/uploads\/2020\/06\/1HP-35L-1-e1591580402368-300x400.jpg",300,400,true],"woocommerce_single":["https:\/\/shenronltd.com\/wp-content\/uploads\/2020\/06\/1HP-35L-1-e1591580402368-600x600.jpg",600,600,true],"woocommerce_gallery_thumbnail":["https:\/\/shenronltd.com\/wp-content\/uploads\/2020\/06\/1HP-35L-1-e1591580402368-100x100.jpg",100,100,true]},"uagb_author_info":{"display_name":"Owner","author_link":"https:\/\/shenronltd.com\/vi\/author\/"},"uagb_comment_info":0,"uagb_excerpt":"Model No: SP-70\/8 Minimum Order:30 pcs Delivery Time:25-35 days","_links":{"self":[{"href":"https:\/\/shenronltd.com\/vi\/wp-json\/wp\/v2\/product\/912","targetHints":{"allow":["GET"]}}],"collection":[{"href":"https:\/\/shenronltd.com\/vi\/wp-json\/wp\/v2\/product"}],"about":[{"href":"https:\/\/shenronltd.com\/vi\/wp-json\/wp\/v2\/types\/product"}],"replies":[{"embeddable":true,"href":"https:\/\/shenronltd.com\/vi\/wp-json\/wp\/v2\/comments?post=912"}],"wp:featuredmedia":[{"embeddable":true,"href":"https:\/\/shenronltd.com\/vi\/wp-json\/wp\/v2\/media\/620"}],"wp:attachment":[{"href":"https:\/\/shenronltd.com\/vi\/wp-json\/wp\/v2\/media?parent=912"}],"wp:term":[{"taxonomy":"product_brand","embeddable":true,"href":"https:\/\/shenronltd.com\/vi\/wp-json\/wp\/v2\/product_brand?post=912"},{"taxonomy":"product_cat","embeddable":true,"href":"https:\/\/shenronltd.com\/vi\/wp-json\/wp\/v2\/product_cat?post=912"},{"taxonomy":"product_tag","embeddable":true,"href":"https:\/\/shenronltd.com\/vi\/wp-json\/wp\/v2\/product_tag?post=912"}],"curies":[{"name":"wp","href":"https:\/\/api.w.org\/{rel}","templated":true}]}}