{"id":14,"date":"2019-03-11T12:09:20","date_gmt":"2019-03-11T12:09:20","guid":{"rendered":"https:\/\/shenronltd.com\/?page_id=14"},"modified":"2021-11-16T12:27:57","modified_gmt":"2021-11-16T12:27:57","slug":"products","status":"publish","type":"page","link":"https:\/\/shenronltd.com\/vi\/products\/","title":{"rendered":"C\u00e1c s\u1ea3n ph\u1ea9m"},"content":{"rendered":"<div data-elementor-type=\"wp-post\" data-elementor-id=\"14\" class=\"elementor elementor-14\">\n\t\t\t\t\t\t<section class=\"elementor-section elementor-top-section elementor-element elementor-element-705efc4 elementor-section-boxed elementor-section-height-default elementor-section-height-default\" data-id=\"705efc4\" data-element_type=\"section\" data-e-type=\"section\" data-settings=\"{&quot;background_background&quot;:&quot;classic&quot;}\">\n\t\t\t\t\t\t\t<div class=\"elementor-background-overlay\"><\/div>\n\t\t\t\t\t\t\t<div class=\"elementor-container elementor-column-gap-default\">\n\t\t\t\t\t<div class=\"elementor-column elementor-col-100 elementor-top-column elementor-element elementor-element-a75e30b\" data-id=\"a75e30b\" data-element_type=\"column\" data-e-type=\"column\">\n\t\t\t<div class=\"elementor-widget-wrap elementor-element-populated\">\n\t\t\t\t\t\t<section class=\"elementor-section elementor-inner-section elementor-element elementor-element-0c875fb elementor-section-boxed elementor-section-height-default elementor-section-height-default\" data-id=\"0c875fb\" data-element_type=\"section\" data-e-type=\"section\">\n\t\t\t\t\t\t<div class=\"elementor-container elementor-column-gap-default\">\n\t\t\t\t\t<div class=\"elementor-column elementor-col-66 elementor-inner-column elementor-element elementor-element-1062bd7\" data-id=\"1062bd7\" data-element_type=\"column\" data-e-type=\"column\">\n\t\t\t<div class=\"elementor-widget-wrap elementor-element-populated\">\n\t\t\t\t\t\t<div class=\"elementor-element elementor-element-fb03a9c elementor-widget elementor-widget-heading\" data-id=\"fb03a9c\" data-element_type=\"widget\" data-e-type=\"widget\" data-widget_type=\"heading.default\">\n\t\t\t\t<div class=\"elementor-widget-container\">\n\t\t\t\t\t<h1 class=\"elementor-heading-title elementor-size-default\">C\u00e1c s\u1ea3n ph\u1ea9m<\/h1>\t\t\t\t<\/div>\n\t\t\t\t<\/div>\n\t\t\t\t\t<\/div>\n\t\t<\/div>\n\t\t\t\t<div class=\"elementor-column elementor-col-33 elementor-inner-column elementor-element elementor-element-47239b5\" data-id=\"47239b5\" data-element_type=\"column\" data-e-type=\"column\">\n\t\t\t<div class=\"elementor-widget-wrap\">\n\t\t\t\t\t\t\t<\/div>\n\t\t<\/div>\n\t\t\t\t\t<\/div>\n\t\t<\/section>\n\t\t\t\t<section class=\"elementor-section elementor-inner-section elementor-element elementor-element-1f83c54 elementor-section-boxed elementor-section-height-default elementor-section-height-default\" data-id=\"1f83c54\" data-element_type=\"section\" data-e-type=\"section\">\n\t\t\t\t\t\t<div class=\"elementor-container elementor-column-gap-default\">\n\t\t\t\t\t<div class=\"elementor-column elementor-col-66 elementor-inner-column elementor-element elementor-element-f4688b5\" data-id=\"f4688b5\" data-element_type=\"column\" data-e-type=\"column\">\n\t\t\t<div class=\"elementor-widget-wrap\">\n\t\t\t\t\t\t\t<\/div>\n\t\t<\/div>\n\t\t\t\t<div class=\"elementor-column elementor-col-33 elementor-inner-column elementor-element elementor-element-1f4a8fe\" data-id=\"1f4a8fe\" data-element_type=\"column\" data-e-type=\"column\" data-settings=\"{&quot;background_background&quot;:&quot;classic&quot;}\">\n\t\t\t<div class=\"elementor-widget-wrap elementor-element-populated\">\n\t\t\t\t\t\t<div class=\"elementor-element elementor-element-28c3376 elementor-widget elementor-widget-heading\" data-id=\"28c3376\" data-element_type=\"widget\" data-e-type=\"widget\" data-widget_type=\"heading.default\">\n\t\t\t\t<div class=\"elementor-widget-container\">\n\t\t\t\t\t<h5 class=\"elementor-heading-title elementor-size-default\">G\u1eedi email cho ch\u00fang t\u00f4i<\/h5>\t\t\t\t<\/div>\n\t\t\t\t<\/div>\n\t\t\t\t<div class=\"elementor-element elementor-element-16c7f1e elementor-widget elementor-widget-heading\" data-id=\"16c7f1e\" data-element_type=\"widget\" data-e-type=\"widget\" data-widget_type=\"heading.default\">\n\t\t\t\t<div class=\"elementor-widget-container\">\n\t\t\t\t\t<h3 class=\"elementor-heading-title elementor-size-default\">info@shenronltd.com<\/h3>\t\t\t\t<\/div>\n\t\t\t\t<\/div>\n\t\t\t\t\t<\/div>\n\t\t<\/div>\n\t\t\t\t\t<\/div>\n\t\t<\/section>\n\t\t\t\t\t<\/div>\n\t\t<\/div>\n\t\t\t\t\t<\/div>\n\t\t<\/section>\n\t\t\t\t<section class=\"elementor-section elementor-top-section elementor-element elementor-element-3c9cc423 elementor-reverse-tablet elementor-reverse-mobile elementor-section-boxed elementor-section-height-default elementor-section-height-default\" data-id=\"3c9cc423\" data-element_type=\"section\" data-e-type=\"section\" data-settings=\"{&quot;background_background&quot;:&quot;classic&quot;}\">\n\t\t\t\t\t\t<div class=\"elementor-container elementor-column-gap-no\">\n\t\t\t\t\t<div class=\"elementor-column elementor-col-50 elementor-top-column elementor-element elementor-element-4af5c03b\" data-id=\"4af5c03b\" data-element_type=\"column\" data-e-type=\"column\">\n\t\t\t<div class=\"elementor-widget-wrap elementor-element-populated\">\n\t\t\t\t\t\t<div class=\"elementor-element elementor-element-4898529b elementor-widget elementor-widget-heading\" data-id=\"4898529b\" data-element_type=\"widget\" data-e-type=\"widget\" data-widget_type=\"heading.default\">\n\t\t\t\t<div class=\"elementor-widget-container\">\n\t\t\t\t\t<h6 class=\"elementor-heading-title elementor-size-default\">C\u00e1c s\u1ea3n ph\u1ea9m<\/h6>\t\t\t\t<\/div>\n\t\t\t\t<\/div>\n\t\t\t\t<div class=\"elementor-element elementor-element-b27ed7a elementor-widget elementor-widget-heading\" data-id=\"b27ed7a\" data-element_type=\"widget\" data-e-type=\"widget\" data-widget_type=\"heading.default\">\n\t\t\t\t<div class=\"elementor-widget-container\">\n\t\t\t\t\t<h3 class=\"elementor-heading-title elementor-size-default\">M\u00e1y n\u00e9n kh\u00ed ch\u1ea5t l\u01b0\u1ee3ng, ch\u00fang t\u00f4i \u1edf \u0111\u00e2y \u0111\u1ec3 gi\u00fap \u0111\u1ee1 !!<\/h3>\t\t\t\t<\/div>\n\t\t\t\t<\/div>\n\t\t\t\t\t<\/div>\n\t\t<\/div>\n\t\t\t\t<div class=\"elementor-column elementor-col-50 elementor-top-column elementor-element elementor-element-6a9b81a\" data-id=\"6a9b81a\" data-element_type=\"column\" data-e-type=\"column\" data-settings=\"{&quot;background_background&quot;:&quot;classic&quot;}\">\n\t\t\t<div class=\"elementor-widget-wrap elementor-element-populated\">\n\t\t\t\t\t\t<div class=\"elementor-element elementor-element-70231a9 elementor-widget elementor-widget-spacer\" data-id=\"70231a9\" data-element_type=\"widget\" data-e-type=\"widget\" data-widget_type=\"spacer.default\">\n\t\t\t\t<div class=\"elementor-widget-container\">\n\t\t\t\t\t\t\t<div class=\"elementor-spacer\">\n\t\t\t<div class=\"elementor-spacer-inner\"><\/div>\n\t\t<\/div>\n\t\t\t\t\t\t<\/div>\n\t\t\t\t<\/div>\n\t\t\t\t<div class=\"elementor-element elementor-element-45f2983 elementor-align-left elementor-widget elementor-widget-button\" data-id=\"45f2983\" data-element_type=\"widget\" data-e-type=\"widget\" data-widget_type=\"button.default\">\n\t\t\t\t<div class=\"elementor-widget-container\">\n\t\t\t\t\t\t\t\t\t<div class=\"elementor-button-wrapper\">\n\t\t\t\t\t<a class=\"elementor-button elementor-button-link elementor-size-md\" href=\"#Installation\">\n\t\t\t\t\t\t<span class=\"elementor-button-content-wrapper\">\n\t\t\t\t\t\t\t\t\t<span class=\"elementor-button-text\">L\u00c0M VI\u1ec6C V\u1edaI CH\u00daNG T\u00d4I<\/span>\n\t\t\t\t\t<\/span>\n\t\t\t\t\t<\/a>\n\t\t\t\t<\/div>\n\t\t\t\t\t\t\t\t<\/div>\n\t\t\t\t<\/div>\n\t\t\t\t\t<\/div>\n\t\t<\/div>\n\t\t\t\t\t<\/div>\n\t\t<\/section>\n\t\t\t\t<section class=\"elementor-section elementor-top-section elementor-element elementor-element-5a43aa9 elementor-section-boxed elementor-section-height-default elementor-section-height-default\" data-id=\"5a43aa9\" data-element_type=\"section\" data-e-type=\"section\" data-settings=\"{&quot;background_background&quot;:&quot;classic&quot;}\">\n\t\t\t\t\t\t<div class=\"elementor-container elementor-column-gap-no\">\n\t\t\t\t\t<div class=\"elementor-column elementor-col-33 elementor-top-column elementor-element elementor-element-52e11a0\" data-id=\"52e11a0\" data-element_type=\"column\" data-e-type=\"column\">\n\t\t\t<div class=\"elementor-widget-wrap elementor-element-populated\">\n\t\t\t\t\t\t<div class=\"elementor-element elementor-element-e903cb8 elementor-widget elementor-widget-image\" data-id=\"e903cb8\" data-element_type=\"widget\" data-e-type=\"widget\" data-widget_type=\"image.default\">\n\t\t\t\t<div class=\"elementor-widget-container\">\n\t\t\t\t\t\t\t\t\t\t\t\t\t\t\t<img fetchpriority=\"high\" decoding=\"async\" width=\"409\" height=\"409\" src=\"https:\/\/shenronltd.com\/wp-content\/uploads\/2020\/06\/1HP-35L-2-e1591756308554.jpg\" class=\"attachment-full size-full wp-image-621\" alt=\"Dental air compressor 35L\" srcset=\"https:\/\/shenronltd.com\/wp-content\/uploads\/2020\/06\/1HP-35L-2-e1591756308554.jpg 409w, https:\/\/shenronltd.com\/wp-content\/uploads\/2020\/06\/1HP-35L-2-e1591756308554-100x100.jpg 100w\" sizes=\"(max-width: 409px) 100vw, 409px\" \/>\t\t\t\t\t\t\t\t\t\t\t\t\t\t\t<\/div>\n\t\t\t\t<\/div>\n\t\t\t\t\t<\/div>\n\t\t<\/div>\n\t\t\t\t<div class=\"elementor-column elementor-col-33 elementor-top-column elementor-element elementor-element-2d9bc95\" data-id=\"2d9bc95\" data-element_type=\"column\" data-e-type=\"column\">\n\t\t\t<div class=\"elementor-widget-wrap elementor-element-populated\">\n\t\t\t\t\t\t<div class=\"elementor-element elementor-element-9415c40 elementor-widget elementor-widget-heading\" data-id=\"9415c40\" data-element_type=\"widget\" data-e-type=\"widget\" data-widget_type=\"heading.default\">\n\t\t\t\t<div class=\"elementor-widget-container\">\n\t\t\t\t\t<h3 class=\"elementor-heading-title elementor-size-default\"><a href=\"https:\/\/shenronltd.com\/vi\/danh-muc-san-pham\/dental-air-compressor\/\">M\u00e1y n\u00e9n kh\u00ed nha khoa<\/a><\/h3>\t\t\t\t<\/div>\n\t\t\t\t<\/div>\n\t\t\t\t<div class=\"elementor-element elementor-element-8b4a206 elementor-widget elementor-widget-text-editor\" data-id=\"8b4a206\" data-element_type=\"widget\" data-e-type=\"widget\" data-widget_type=\"text-editor.default\">\n\t\t\t\t<div class=\"elementor-widget-container\">\n\t\t\t\t\t\t\t\t\t<p>M\u00e1y n\u00e9n kh\u00ed l\u00e0 tr\u00e1i tim c\u1ee7a Ph\u1eabu thu\u1eadt Nha khoa. <br>M\u00e1y n\u00e0y n\u00e9n, l\u00e0m s\u1ea1ch, l\u01b0u tr\u1eef kh\u00f4ng kh\u00ed, cung c\u1ea5p n\u0103ng l\u01b0\u1ee3ng cho tay c\u1ea7m v\u00e0 m\u1ed9t s\u1ed1 ch\u1ee9c n\u0103ng nh\u1ea5t \u0111\u1ecbnh c\u1ee7a trung t\u00e2m \u0111i\u1ec1u tr\u1ecb nha khoa v\u00e0 ch\u1ea5t t\u1ea9y r\u1eeda tay.&nbsp;<\/p>\t\t\t\t\t\t\t\t<\/div>\n\t\t\t\t<\/div>\n\t\t\t\t\t<\/div>\n\t\t<\/div>\n\t\t\t\t<div class=\"elementor-column elementor-col-33 elementor-top-column elementor-element elementor-element-8e31c1f\" data-id=\"8e31c1f\" data-element_type=\"column\" data-e-type=\"column\">\n\t\t\t<div class=\"elementor-widget-wrap\">\n\t\t\t\t\t\t\t<\/div>\n\t\t<\/div>\n\t\t\t\t\t<\/div>\n\t\t<\/section>\n\t\t\t\t<section class=\"elementor-section elementor-top-section elementor-element elementor-element-e307424 elementor-section-boxed elementor-section-height-default elementor-section-height-default\" data-id=\"e307424\" data-element_type=\"section\" data-e-type=\"section\" data-settings=\"{&quot;background_background&quot;:&quot;classic&quot;}\">\n\t\t\t\t\t\t<div class=\"elementor-container elementor-column-gap-no\">\n\t\t\t\t\t<div class=\"elementor-column elementor-col-33 elementor-top-column elementor-element elementor-element-8e5bc05\" data-id=\"8e5bc05\" data-element_type=\"column\" data-e-type=\"column\">\n\t\t\t<div class=\"elementor-widget-wrap elementor-element-populated\">\n\t\t\t\t\t\t<div class=\"elementor-element elementor-element-af0b938 elementor-widget elementor-widget-image\" data-id=\"af0b938\" data-element_type=\"widget\" data-e-type=\"widget\" data-widget_type=\"image.default\">\n\t\t\t\t<div class=\"elementor-widget-container\">\n\t\t\t\t\t\t\t\t\t\t\t\t\t\t\t<img decoding=\"async\" width=\"409\" height=\"409\" src=\"https:\/\/shenronltd.com\/wp-content\/uploads\/2020\/06\/24L-scaled-e1591755922397.jpg\" class=\"attachment-full size-full wp-image-624\" alt=\"24L oil free air compressor\" srcset=\"https:\/\/shenronltd.com\/wp-content\/uploads\/2020\/06\/24L-scaled-e1591755922397.jpg 409w, https:\/\/shenronltd.com\/wp-content\/uploads\/2020\/06\/24L-scaled-e1591755922397-100x100.jpg 100w\" sizes=\"(max-width: 409px) 100vw, 409px\" \/>\t\t\t\t\t\t\t\t\t\t\t\t\t\t\t<\/div>\n\t\t\t\t<\/div>\n\t\t\t\t\t<\/div>\n\t\t<\/div>\n\t\t\t\t<div class=\"elementor-column elementor-col-33 elementor-top-column elementor-element elementor-element-22c2100\" data-id=\"22c2100\" data-element_type=\"column\" data-e-type=\"column\">\n\t\t\t<div class=\"elementor-widget-wrap elementor-element-populated\">\n\t\t\t\t\t\t<div class=\"elementor-element elementor-element-2e1d5af elementor-widget elementor-widget-heading\" data-id=\"2e1d5af\" data-element_type=\"widget\" data-e-type=\"widget\" data-widget_type=\"heading.default\">\n\t\t\t\t<div class=\"elementor-widget-container\">\n\t\t\t\t\t<h3 class=\"elementor-heading-title elementor-size-default\"><a href=\"https:\/\/shenronltd.com\/vi\/danh-muc-san-pham\/oil-free-air-compressor\/\">M\u00e1y n\u00e9n kh\u00ed kh\u00f4ng d\u1ea7u<\/a><\/h3>\t\t\t\t<\/div>\n\t\t\t\t<\/div>\n\t\t\t\t<div class=\"elementor-element elementor-element-aba66ad elementor-widget elementor-widget-text-editor\" data-id=\"aba66ad\" data-element_type=\"widget\" data-e-type=\"widget\" data-widget_type=\"text-editor.default\">\n\t\t\t\t<div class=\"elementor-widget-container\">\n\t\t\t\t\t\t\t\t\t<p>\u00a0M\u00e1y n\u00e9n kh\u00ed kh\u00f4ng d\u1ea7u l\u00e0 ho\u00e0n h\u1ea3o cho s\u00fang phun v\u00e0 c\u00e1c \u1ee9ng d\u1ee5ng, gi\u1ed1ng nh\u01b0 m\u00f4i tr\u01b0\u1eddng y t\u1ebf, trong \u0111\u00f3 \u0111i\u1ec1u quan tr\u1ecdng l\u00e0 d\u1ea7u kh\u00f4ng \u0111i qua m\u1ed9t c\u00f4ng c\u1ee5. Nh\u1eefng m\u00e1y n\u00e9n kh\u00ed kh\u00f4ng d\u1ea7u n\u00e0y c\u0169ng b\u1ea3o tr\u00ec th\u1ea5p v\u00e0 c\u1ef1c k\u1ef3 d\u1ec5 c\u00e0i \u0111\u1eb7t v\u00e0 s\u1eed d\u1ee5ng.\u00a0<\/p>\t\t\t\t\t\t\t\t<\/div>\n\t\t\t\t<\/div>\n\t\t\t\t\t<\/div>\n\t\t<\/div>\n\t\t\t\t<div class=\"elementor-column elementor-col-33 elementor-top-column elementor-element elementor-element-8b6d898\" data-id=\"8b6d898\" data-element_type=\"column\" data-e-type=\"column\">\n\t\t\t<div class=\"elementor-widget-wrap\">\n\t\t\t\t\t\t\t<\/div>\n\t\t<\/div>\n\t\t\t\t\t<\/div>\n\t\t<\/section>\n\t\t\t\t<section class=\"elementor-section elementor-top-section elementor-element elementor-element-7138370 elementor-section-boxed elementor-section-height-default elementor-section-height-default\" data-id=\"7138370\" data-element_type=\"section\" data-e-type=\"section\" data-settings=\"{&quot;background_background&quot;:&quot;classic&quot;}\">\n\t\t\t\t\t\t<div class=\"elementor-container elementor-column-gap-no\">\n\t\t\t\t\t<div class=\"elementor-column elementor-col-33 elementor-top-column elementor-element elementor-element-88df0ba\" data-id=\"88df0ba\" data-element_type=\"column\" data-e-type=\"column\">\n\t\t\t<div class=\"elementor-widget-wrap elementor-element-populated\">\n\t\t\t\t\t\t<div class=\"elementor-element elementor-element-371a69b elementor-widget elementor-widget-image\" data-id=\"371a69b\" data-element_type=\"widget\" data-e-type=\"widget\" data-widget_type=\"image.default\">\n\t\t\t\t<div class=\"elementor-widget-container\">\n\t\t\t\t\t\t\t\t\t\t\t\t\t\t\t<img decoding=\"async\" width=\"409\" height=\"409\" src=\"https:\/\/shenronltd.com\/wp-content\/uploads\/2020\/06\/Air-Compressor-2HP-Direct-Drive-25L-e1591755984497.jpg\" class=\"attachment-full size-full wp-image-631\" alt=\"Air Compressor 2HP Direct Drive 25L\" srcset=\"https:\/\/shenronltd.com\/wp-content\/uploads\/2020\/06\/Air-Compressor-2HP-Direct-Drive-25L-e1591755984497.jpg 409w, https:\/\/shenronltd.com\/wp-content\/uploads\/2020\/06\/Air-Compressor-2HP-Direct-Drive-25L-e1591755984497-100x100.jpg 100w\" sizes=\"(max-width: 409px) 100vw, 409px\" \/>\t\t\t\t\t\t\t\t\t\t\t\t\t\t\t<\/div>\n\t\t\t\t<\/div>\n\t\t\t\t\t<\/div>\n\t\t<\/div>\n\t\t\t\t<div class=\"elementor-column elementor-col-33 elementor-top-column elementor-element elementor-element-fa9c468\" data-id=\"fa9c468\" data-element_type=\"column\" data-e-type=\"column\">\n\t\t\t<div class=\"elementor-widget-wrap elementor-element-populated\">\n\t\t\t\t\t\t<div class=\"elementor-element elementor-element-b2ba7f0 elementor-widget elementor-widget-heading\" data-id=\"b2ba7f0\" data-element_type=\"widget\" data-e-type=\"widget\" data-widget_type=\"heading.default\">\n\t\t\t\t<div class=\"elementor-widget-container\">\n\t\t\t\t\t<h3 class=\"elementor-heading-title elementor-size-default\">M\u00e1y n\u00e9n kh\u00ed tr\u1ef1c ti\u1ebfp<\/h3>\t\t\t\t<\/div>\n\t\t\t\t<\/div>\n\t\t\t\t<div class=\"elementor-element elementor-element-f3f2a71 elementor-widget elementor-widget-text-editor\" data-id=\"f3f2a71\" data-element_type=\"widget\" data-e-type=\"widget\" data-widget_type=\"text-editor.default\">\n\t\t\t\t<div class=\"elementor-widget-container\">\n\t\t\t\t\t\t\t\t\t<p>C\u00f2n \u0111\u01b0\u1ee3c g\u1ecdi l\u00e0 M\u00e1y n\u00e9n kh\u00ed tr\u1ef1c ti\u1ebfp b\u00f4i tr\u01a1n, l\u00e0 m\u00e1y n\u00e9n kh\u00ed \u0111\u01b0\u1ee3c s\u1eed d\u1ee5ng r\u1ed9ng r\u00e3i nh\u1ea5t trong nhi\u1ec1u l\u0129nh v\u1ef1c.<\/p>\t\t\t\t\t\t\t\t<\/div>\n\t\t\t\t<\/div>\n\t\t\t\t\t<\/div>\n\t\t<\/div>\n\t\t\t\t<div class=\"elementor-column elementor-col-33 elementor-top-column elementor-element elementor-element-c8c7877\" data-id=\"c8c7877\" data-element_type=\"column\" data-e-type=\"column\">\n\t\t\t<div class=\"elementor-widget-wrap\">\n\t\t\t\t\t\t\t<\/div>\n\t\t<\/div>\n\t\t\t\t\t<\/div>\n\t\t<\/section>\n\t\t\t\t<section class=\"elementor-section elementor-top-section elementor-element elementor-element-6361f03 elementor-section-boxed elementor-section-height-default elementor-section-height-default\" data-id=\"6361f03\" data-element_type=\"section\" data-e-type=\"section\" data-settings=\"{&quot;background_background&quot;:&quot;classic&quot;}\">\n\t\t\t\t\t\t<div class=\"elementor-container elementor-column-gap-no\">\n\t\t\t\t\t<div class=\"elementor-column elementor-col-33 elementor-top-column elementor-element elementor-element-f840344\" data-id=\"f840344\" data-element_type=\"column\" data-e-type=\"column\">\n\t\t\t<div class=\"elementor-widget-wrap elementor-element-populated\">\n\t\t\t\t\t\t<div class=\"elementor-element elementor-element-6f5a9fe elementor-widget elementor-widget-image\" data-id=\"6f5a9fe\" data-element_type=\"widget\" data-e-type=\"widget\" data-widget_type=\"image.default\">\n\t\t\t\t<div class=\"elementor-widget-container\">\n\t\t\t\t\t\t\t\t\t\t\t\t\t\t\t<img loading=\"lazy\" decoding=\"async\" width=\"750\" height=\"750\" src=\"https:\/\/shenronltd.com\/wp-content\/uploads\/2020\/06\/Electric-2hp-50L-Belt-Driven-Piston-Air-Compressor.jpg\" class=\"attachment-full size-full wp-image-633\" alt=\"Electric 2hp 50L Belt Driven Piston Air Compressor\" srcset=\"https:\/\/shenronltd.com\/wp-content\/uploads\/2020\/06\/Electric-2hp-50L-Belt-Driven-Piston-Air-Compressor.jpg 750w, https:\/\/shenronltd.com\/wp-content\/uploads\/2020\/06\/Electric-2hp-50L-Belt-Driven-Piston-Air-Compressor-100x100.jpg 100w, https:\/\/shenronltd.com\/wp-content\/uploads\/2020\/06\/Electric-2hp-50L-Belt-Driven-Piston-Air-Compressor-600x600.jpg 600w, https:\/\/shenronltd.com\/wp-content\/uploads\/2020\/06\/Electric-2hp-50L-Belt-Driven-Piston-Air-Compressor-300x300.jpg 300w, https:\/\/shenronltd.com\/wp-content\/uploads\/2020\/06\/Electric-2hp-50L-Belt-Driven-Piston-Air-Compressor-150x150.jpg 150w\" sizes=\"(max-width: 750px) 100vw, 750px\" \/>\t\t\t\t\t\t\t\t\t\t\t\t\t\t\t<\/div>\n\t\t\t\t<\/div>\n\t\t\t\t\t<\/div>\n\t\t<\/div>\n\t\t\t\t<div class=\"elementor-column elementor-col-33 elementor-top-column elementor-element elementor-element-8001422\" data-id=\"8001422\" data-element_type=\"column\" data-e-type=\"column\">\n\t\t\t<div class=\"elementor-widget-wrap elementor-element-populated\">\n\t\t\t\t\t\t<div class=\"elementor-element elementor-element-0d1a0a6 elementor-widget elementor-widget-heading\" data-id=\"0d1a0a6\" data-element_type=\"widget\" data-e-type=\"widget\" data-widget_type=\"heading.default\">\n\t\t\t\t<div class=\"elementor-widget-container\">\n\t\t\t\t\t<h3 class=\"elementor-heading-title elementor-size-default\">M\u00e1y n\u00e9n kh\u00ed truy\u1ec1n \u0111\u1ed9ng \u0111ai<\/h3>\t\t\t\t<\/div>\n\t\t\t\t<\/div>\n\t\t\t\t<div class=\"elementor-element elementor-element-47f5e8b elementor-widget elementor-widget-text-editor\" data-id=\"47f5e8b\" data-element_type=\"widget\" data-e-type=\"widget\" data-widget_type=\"text-editor.default\">\n\t\t\t\t<div class=\"elementor-widget-container\">\n\t\t\t\t\t\t\t\t\t<p>M\u00e1y n\u00e9n kh\u00ed truy\u1ec1n \u0111\u1ed9ng \u0111ai c\u00f3 \u0111ai n\u1ed1i \u0111\u1ed9ng c\u01a1 v\u1edbi b\u01a1m kh\u00ed n\u00e9n v\u1edbi r\u00f2ng r\u1ecdc. Ch\u00fang cung c\u1ea5p s\u1ef1 linh ho\u1ea1t cao h\u01a1n \u0111\u1ec3 \u0111i\u1ec1u ch\u1ec9nh l\u01b0u l\u01b0\u1ee3ng kh\u00f4ng kh\u00ed v\u00e0 \u00e1p su\u1ea5t khi c\u1ea7n thi\u1ebft. Ch\u00fang c\u0169ng r\u1ebb h\u01a1n \u0111\u1ec3 mua, v\u00e0 d\u1ec5 d\u00e0ng h\u01a1n \u0111\u1ec3 c\u00e0i \u0111\u1eb7t v\u00e0 b\u1ea3o tr\u00ec<\/p>\t\t\t\t\t\t\t\t<\/div>\n\t\t\t\t<\/div>\n\t\t\t\t\t<\/div>\n\t\t<\/div>\n\t\t\t\t<div class=\"elementor-column elementor-col-33 elementor-top-column elementor-element elementor-element-7568375\" data-id=\"7568375\" data-element_type=\"column\" data-e-type=\"column\">\n\t\t\t<div class=\"elementor-widget-wrap\">\n\t\t\t\t\t\t\t<\/div>\n\t\t<\/div>\n\t\t\t\t\t<\/div>\n\t\t<\/section>\n\t\t\t\t<section class=\"elementor-section elementor-top-section elementor-element elementor-element-46ed2ae elementor-section-content-middle elementor-section-boxed elementor-section-height-default elementor-section-height-default\" data-id=\"46ed2ae\" data-element_type=\"section\" data-e-type=\"section\" data-settings=\"{&quot;background_background&quot;:&quot;classic&quot;}\">\n\t\t\t\t\t\t\t<div class=\"elementor-background-overlay\"><\/div>\n\t\t\t\t\t\t\t<div class=\"elementor-container elementor-column-gap-no\">\n\t\t\t\t\t<div class=\"elementor-column elementor-col-66 elementor-top-column elementor-element elementor-element-f39b4c1\" data-id=\"f39b4c1\" data-element_type=\"column\" data-e-type=\"column\">\n\t\t\t<div class=\"elementor-widget-wrap elementor-element-populated\">\n\t\t\t\t\t\t<div class=\"elementor-element elementor-element-d97a02d elementor-widget elementor-widget-heading\" data-id=\"d97a02d\" data-element_type=\"widget\" data-e-type=\"widget\" data-widget_type=\"heading.default\">\n\t\t\t\t<div class=\"elementor-widget-container\">\n\t\t\t\t\t<h2 class=\"elementor-heading-title elementor-size-default\">Ng\u1ee7 trong y\u00ean b\u00ecnh tuy\u1ec7t \u0111\u1ed1i Th\u1ee9c d\u1eady v\u1edbi \u00e1nh n\u1eafng r\u1ef1c r\u1ee1<\/h2>\t\t\t\t<\/div>\n\t\t\t\t<\/div>\n\t\t\t\t<div class=\"elementor-element elementor-element-7fa1bca elementor-widget elementor-widget-text-editor\" data-id=\"7fa1bca\" data-element_type=\"widget\" data-e-type=\"widget\" data-widget_type=\"text-editor.default\">\n\t\t\t\t<div class=\"elementor-widget-container\">\n\t\t\t\t\t\t\t\t\t<p>Ch\u00fang t\u00f4i mu\u1ed1n lo\u1ea1i b\u1ecf r\u1eafc r\u1ed1i ra kh\u1ecfi vi\u1ec7c mua v\u00e0 b\u1ea3o d\u01b0\u1ee1ng m\u00e1y n\u00e9n kh\u00ed. Ch\u00fang t\u00f4i gi\u00fap b\u1ea1n t\u00ecm \u0111\u00fang m\u00e1y cho \u0111\u00fang \u1ee9ng d\u1ee5ng.<\/p>\t\t\t\t\t\t\t\t<\/div>\n\t\t\t\t<\/div>\n\t\t\t\t<div class=\"elementor-element elementor-element-384e833 elementor-align-left elementor-widget elementor-widget-button\" data-id=\"384e833\" data-element_type=\"widget\" data-e-type=\"widget\" data-widget_type=\"button.default\">\n\t\t\t\t<div class=\"elementor-widget-container\">\n\t\t\t\t\t\t\t\t\t<div class=\"elementor-button-wrapper\">\n\t\t\t\t\t<a class=\"elementor-button elementor-button-link elementor-size-md\" href=\"#Installation\">\n\t\t\t\t\t\t<span class=\"elementor-button-content-wrapper\">\n\t\t\t\t\t\t\t\t\t<span class=\"elementor-button-text\">L\u00c0M VI\u1ec6C V\u1edaI CH\u00daNG T\u00d4I<\/span>\n\t\t\t\t\t<\/span>\n\t\t\t\t\t<\/a>\n\t\t\t\t<\/div>\n\t\t\t\t\t\t\t\t<\/div>\n\t\t\t\t<\/div>\n\t\t\t\t\t<\/div>\n\t\t<\/div>\n\t\t\t\t<div class=\"elementor-column elementor-col-33 elementor-top-column elementor-element elementor-element-0f5e1e9\" data-id=\"0f5e1e9\" data-element_type=\"column\" data-e-type=\"column\">\n\t\t\t<div class=\"elementor-widget-wrap\">\n\t\t\t\t\t\t\t<\/div>\n\t\t<\/div>\n\t\t\t\t\t<\/div>\n\t\t<\/section>\n\t\t\t\t<\/div>","protected":false},"excerpt":{"rendered":"<p>Products E-mail Us info@shenronltd.com Products Quality Air Cmpressors, We Are Here to Help!! WORK WITH US Dental Air Compressor Air Compressors are the heart of the Dental Surgery. This machine compresses, cleans, stores air, which powers handpieces and certain functions of dental treatment centres and hand-piece cleaners.&nbsp; Oil-free Air Compressor \u00a0Oil free compressors are perfect&#8230;<\/p>","protected":false},"author":2,"featured_media":0,"parent":0,"menu_order":0,"comment_status":"closed","ping_status":"closed","template":"","meta":{"_uag_custom_page_level_css":"","_kad_post_transparent":"","_kad_post_title":"","_kad_post_layout":"","_kad_post_sidebar_id":"","_kad_post_content_style":"","_kad_post_vertical_padding":"","_kad_post_feature":"","_kad_post_feature_position":"","_kad_post_header":false,"_kad_post_footer":false,"_kad_post_classname":"","footnotes":""},"class_list":["post-14","page","type-page","status-publish","hentry"],"uagb_featured_image_src":{"full":false,"thumbnail":false,"medium":false,"medium_large":false,"large":false,"1536x1536":false,"2048x2048":false,"trp-custom-language-flag":false,"woocommerce_thumbnail":false,"woocommerce_single":false,"woocommerce_gallery_thumbnail":false},"uagb_author_info":{"display_name":"Owner","author_link":"https:\/\/shenronltd.com\/vi\/author\/tzshenron\/"},"uagb_comment_info":0,"uagb_excerpt":"Products E-mail Us info@shenronltd.com Products Quality Air Cmpressors, We Are Here to Help!! WORK WITH US Dental Air Compressor Air Compressors are the heart of the Dental Surgery. This machine compresses, cleans, stores air, which powers handpieces and certain functions of dental treatment centres and hand-piece cleaners.&nbsp; Oil-free Air Compressor \u00a0Oil free compressors are perfect...","_links":{"self":[{"href":"https:\/\/shenronltd.com\/vi\/wp-json\/wp\/v2\/pages\/14","targetHints":{"allow":["GET"]}}],"collection":[{"href":"https:\/\/shenronltd.com\/vi\/wp-json\/wp\/v2\/pages"}],"about":[{"href":"https:\/\/shenronltd.com\/vi\/wp-json\/wp\/v2\/types\/page"}],"author":[{"embeddable":true,"href":"https:\/\/shenronltd.com\/vi\/wp-json\/wp\/v2\/users\/2"}],"replies":[{"embeddable":true,"href":"https:\/\/shenronltd.com\/vi\/wp-json\/wp\/v2\/comments?post=14"}],"version-history":[{"count":24,"href":"https:\/\/shenronltd.com\/vi\/wp-json\/wp\/v2\/pages\/14\/revisions"}],"predecessor-version":[{"id":1211,"href":"https:\/\/shenronltd.com\/vi\/wp-json\/wp\/v2\/pages\/14\/revisions\/1211"}],"wp:attachment":[{"href":"https:\/\/shenronltd.com\/vi\/wp-json\/wp\/v2\/media?parent=14"}],"curies":[{"name":"wp","href":"https:\/\/api.w.org\/{rel}","templated":true}]}}