{"id":935,"date":"2020-06-10T11:16:56","date_gmt":"2020-06-10T11:16:56","guid":{"rendered":"https:\/\/shenronltd.com\/?post_type=product&#038;p=935"},"modified":"2020-06-16T09:53:17","modified_gmt":"2020-06-16T09:53:17","slug":"silent-and-oil-free-electric-8-bar-air-compressor-sp-1700-90","status":"publish","type":"product","link":"https:\/\/shenronltd.com\/pt\/produto\/silent-and-oil-free-electric-8-bar-air-compressor-sp-1700-90\/","title":{"rendered":"Compressor de ar el\u00e9trico silencioso e sem \u00f3leo com 8 bar SP-1700\/90"},"content":{"rendered":"<h4>Especifica\u00e7\u00f5es<\/h4>\n<p>&nbsp;<\/p>\n<p>Compressor de ar silencioso e sem \u00f3leo<br \/>\nCompressor de ar 1.CE ISO.<br \/>\n2.550WX3,<br \/>\n3.used em dental, m\u00e9dico, oxig\u00eanio gera, fam\u00edlia<\/p>\n<p>Tens\u00e3o: 110-220V<br \/>\nPot\u00eancia (W): 680 * 3<br \/>\nCapacidade (L \/ min): 414<br \/>\nRu\u00eddo (dB): 59<br \/>\nVelocidade (r \/ min): 1400\/1680<br \/>\nTanque (L): 80<br \/>\nM\u00e1x. press\u00e3o (Mpa): 0,8<br \/>\nPress\u00e3o inicial (Mpa): 0,6<br \/>\nTamanho (L * W * Hmm): 930 * 350 * 700<\/p>","protected":false},"excerpt":{"rendered":"<p>Modelo no: SP-1700\/90<br \/>\nPedido m\u00ednimo: 30 pcs<br \/>\nTempo de entrega: 25-35 dias<\/p>","protected":false},"featured_media":936,"comment_status":"closed","ping_status":"closed","template":"","meta":{"_uag_custom_page_level_css":"","_kad_post_transparent":"","_kad_post_title":"","_kad_post_layout":"","_kad_post_sidebar_id":"","_kad_post_content_style":"","_kad_post_vertical_padding":"","_kad_post_feature":"","_kad_post_feature_position":"","_kad_post_header":false,"_kad_post_footer":false,"_kad_post_classname":""},"product_brand":[],"product_cat":[19],"product_tag":[26,27,25,23,28,24],"class_list":{"0":"post-935","1":"product","2":"type-product","3":"status-publish","4":"has-post-thumbnail","6":"product_cat-oil-free-air-compressor","7":"product_tag-automatic","8":"product_tag-industrial","9":"product_tag-noiseless","10":"product_tag-oil-free","11":"product_tag-quiet-air-compressor","12":"product_tag-silent","14":"first","15":"instock","16":"shipping-taxable","17":"product-type-simple","18":"entry","19":"content-bg","20":"loop-entry"},"uagb_featured_image_src":{"full":["https:\/\/shenronltd.com\/wp-content\/uploads\/2020\/06\/80L-scaled.jpg",2560,2560,false],"thumbnail":["https:\/\/shenronltd.com\/wp-content\/uploads\/2020\/06\/80L-150x150.jpg",150,150,true],"medium":["https:\/\/shenronltd.com\/wp-content\/uploads\/2020\/06\/80L-300x300.jpg",300,300,true],"medium_large":["https:\/\/shenronltd.com\/wp-content\/uploads\/2020\/06\/80L-768x768.jpg",768,768,true],"large":["https:\/\/shenronltd.com\/wp-content\/uploads\/2020\/06\/80L-1024x1024.jpg",1024,1024,true],"1536x1536":["https:\/\/shenronltd.com\/wp-content\/uploads\/2020\/06\/80L-1536x1536.jpg",1536,1536,true],"2048x2048":["https:\/\/shenronltd.com\/wp-content\/uploads\/2020\/06\/80L-2048x2048.jpg",2048,2048,true],"trp-custom-language-flag":["https:\/\/shenronltd.com\/wp-content\/uploads\/2020\/06\/80L-scaled.jpg",12,12,false],"woocommerce_thumbnail":["https:\/\/shenronltd.com\/wp-content\/uploads\/2020\/06\/80L-scaled-300x400.jpg",300,400,true],"woocommerce_single":["https:\/\/shenronltd.com\/wp-content\/uploads\/2020\/06\/80L-scaled-600x600.jpg",600,600,true],"woocommerce_gallery_thumbnail":["https:\/\/shenronltd.com\/wp-content\/uploads\/2020\/06\/80L-scaled-100x100.jpg",100,100,true]},"uagb_author_info":{"display_name":"Owner","author_link":"https:\/\/shenronltd.com\/pt\/author\/"},"uagb_comment_info":0,"uagb_excerpt":"Model No: SP-1700\/90 Minimum Order:30 pcs Delivery Time:25-35 days","_links":{"self":[{"href":"https:\/\/shenronltd.com\/pt\/wp-json\/wp\/v2\/product\/935","targetHints":{"allow":["GET"]}}],"collection":[{"href":"https:\/\/shenronltd.com\/pt\/wp-json\/wp\/v2\/product"}],"about":[{"href":"https:\/\/shenronltd.com\/pt\/wp-json\/wp\/v2\/types\/product"}],"replies":[{"embeddable":true,"href":"https:\/\/shenronltd.com\/pt\/wp-json\/wp\/v2\/comments?post=935"}],"wp:featuredmedia":[{"embeddable":true,"href":"https:\/\/shenronltd.com\/pt\/wp-json\/wp\/v2\/media\/936"}],"wp:attachment":[{"href":"https:\/\/shenronltd.com\/pt\/wp-json\/wp\/v2\/media?parent=935"}],"wp:term":[{"taxonomy":"product_brand","embeddable":true,"href":"https:\/\/shenronltd.com\/pt\/wp-json\/wp\/v2\/product_brand?post=935"},{"taxonomy":"product_cat","embeddable":true,"href":"https:\/\/shenronltd.com\/pt\/wp-json\/wp\/v2\/product_cat?post=935"},{"taxonomy":"product_tag","embeddable":true,"href":"https:\/\/shenronltd.com\/pt\/wp-json\/wp\/v2\/product_tag?post=935"}],"curies":[{"name":"wp","href":"https:\/\/api.w.org\/{rel}","templated":true}]}}