{"id":915,"date":"2020-06-10T08:50:14","date_gmt":"2020-06-10T08:50:14","guid":{"rendered":"https:\/\/shenronltd.com\/?post_type=product&#038;p=915"},"modified":"2024-04-14T04:22:27","modified_gmt":"2024-04-14T04:22:27","slug":"super-silent-air-compressor-sp-140-8","status":"publish","type":"product","link":"https:\/\/shenronltd.com\/pt\/produto\/super-silent-air-compressor-sp-140-8\/","title":{"rendered":"Compressor de ar super silencioso SP-140\/8"},"content":{"rendered":"<h4>Compressor de ar silencioso super, compressor dental<br \/>\nSuprimento m\u00e9dico, compressor m\u00e9dico<br \/>\nFluxo de ar grande. Baixo ru\u00eddo. Sem \u00f3leo. Indiano, Egito, M\u00e9xico s\u00e3o vendas populares<\/h4>\n<h4><\/h4>\n<h4>Especifica\u00e7\u00f5es<\/h4>\n<p>&nbsp;<\/p>\n<p>Tens\u00e3o Nominal (V): 110\/220<\/p>\n<p>Frequ\u00eancia (Hz): 50\/60 Rated<\/p>\n<p>Pot\u00eancia (W): 2 * 750W \/ 2HP<\/p>\n<p>Fluxo de ar (L \/ min): 300 \/ (CFM): 10.59<\/p>\n<p>Velocidade (rpm): 1400\/1680 Ru\u00eddo (DB): 62<\/p>\n<p>Press\u00e3o m\u00e1xima (BAR): 8 \/ (PSI): 115<\/p>\n<p>Litro do tanque (L): 65 \/(GAL):17.3<\/p>\n<p>Dimens\u00e3o (mm): 740 * 340 * 660<\/p>\n<p>Peso (kg): 52<\/p>\n<p><strong>Observa\u00e7\u00f5es: Uma para quatro unidades<\/strong><\/p>","protected":false},"excerpt":{"rendered":"<p>Modelo: SP-140\/8<br \/>\nPedido m\u00ednimo: 30 pcs<br \/>\nTempo de entrega: 25-35 dias<\/p>","protected":false},"featured_media":1698,"comment_status":"closed","ping_status":"closed","template":"","meta":{"_uag_custom_page_level_css":"","_kad_post_transparent":"","_kad_post_title":"","_kad_post_layout":"","_kad_post_sidebar_id":"","_kad_post_content_style":"","_kad_post_vertical_padding":"","_kad_post_feature":"","_kad_post_feature_position":"","_kad_post_header":false,"_kad_post_footer":false,"_kad_post_classname":""},"product_brand":[],"product_cat":[17],"product_tag":[22,23,24],"class_list":{"0":"post-915","1":"product","2":"type-product","3":"status-publish","4":"has-post-thumbnail","6":"product_cat-dental-air-compressor","7":"product_tag-debtal-air-compressor","8":"product_tag-oil-free","9":"product_tag-silent","11":"first","12":"instock","13":"shipping-taxable","14":"product-type-simple","15":"entry","16":"content-bg","17":"loop-entry"},"uagb_featured_image_src":{"full":["https:\/\/shenronltd.com\/wp-content\/uploads\/2020\/06\/2HP-70L-300X400.jpg",1525,2034,false],"thumbnail":["https:\/\/shenronltd.com\/wp-content\/uploads\/2020\/06\/2HP-70L-300X400-150x150.jpg",150,150,true],"medium":["https:\/\/shenronltd.com\/wp-content\/uploads\/2020\/06\/2HP-70L-300X400-225x300.jpg",225,300,true],"medium_large":["https:\/\/shenronltd.com\/wp-content\/uploads\/2020\/06\/2HP-70L-300X400-768x1024.jpg",768,1024,true],"large":["https:\/\/shenronltd.com\/wp-content\/uploads\/2020\/06\/2HP-70L-300X400-768x1024.jpg",768,1024,true],"1536x1536":["https:\/\/shenronltd.com\/wp-content\/uploads\/2020\/06\/2HP-70L-300X400-1152x1536.jpg",1152,1536,true],"2048x2048":["https:\/\/shenronltd.com\/wp-content\/uploads\/2020\/06\/2HP-70L-300X400.jpg",1525,2034,false],"trp-custom-language-flag":["https:\/\/shenronltd.com\/wp-content\/uploads\/2020\/06\/2HP-70L-300X400-9x12.jpg",9,12,true],"woocommerce_thumbnail":["https:\/\/shenronltd.com\/wp-content\/uploads\/2020\/06\/2HP-70L-300X400-300x400.jpg",300,400,true],"woocommerce_single":["https:\/\/shenronltd.com\/wp-content\/uploads\/2020\/06\/2HP-70L-300X400-600x800.jpg",600,800,true],"woocommerce_gallery_thumbnail":["https:\/\/shenronltd.com\/wp-content\/uploads\/2020\/06\/2HP-70L-300X400-100x100.jpg",100,100,true]},"uagb_author_info":{"display_name":"Owner","author_link":"https:\/\/shenronltd.com\/pt\/author\/"},"uagb_comment_info":0,"uagb_excerpt":"Model No: SP-140\/8 Minimum Order:30 pcs Delivery Time:25-35 days","_links":{"self":[{"href":"https:\/\/shenronltd.com\/pt\/wp-json\/wp\/v2\/product\/915","targetHints":{"allow":["GET"]}}],"collection":[{"href":"https:\/\/shenronltd.com\/pt\/wp-json\/wp\/v2\/product"}],"about":[{"href":"https:\/\/shenronltd.com\/pt\/wp-json\/wp\/v2\/types\/product"}],"replies":[{"embeddable":true,"href":"https:\/\/shenronltd.com\/pt\/wp-json\/wp\/v2\/comments?post=915"}],"wp:featuredmedia":[{"embeddable":true,"href":"https:\/\/shenronltd.com\/pt\/wp-json\/wp\/v2\/media\/1698"}],"wp:attachment":[{"href":"https:\/\/shenronltd.com\/pt\/wp-json\/wp\/v2\/media?parent=915"}],"wp:term":[{"taxonomy":"product_brand","embeddable":true,"href":"https:\/\/shenronltd.com\/pt\/wp-json\/wp\/v2\/product_brand?post=915"},{"taxonomy":"product_cat","embeddable":true,"href":"https:\/\/shenronltd.com\/pt\/wp-json\/wp\/v2\/product_cat?post=915"},{"taxonomy":"product_tag","embeddable":true,"href":"https:\/\/shenronltd.com\/pt\/wp-json\/wp\/v2\/product_tag?post=915"}],"curies":[{"name":"wp","href":"https:\/\/api.w.org\/{rel}","templated":true}]}}