{"id":912,"date":"2020-06-10T08:33:31","date_gmt":"2020-06-10T08:33:31","guid":{"rendered":"https:\/\/shenronltd.com\/?post_type=product&#038;p=912"},"modified":"2023-03-29T00:00:04","modified_gmt":"2023-03-29T00:00:04","slug":"dental-air-compressor-medical-use-noiseless-and-oil-less","status":"publish","type":"product","link":"https:\/\/shenronltd.com\/pt\/produto\/dental-air-compressor-medical-use-noiseless-and-oil-less\/","title":{"rendered":"Uso m\u00e9dico dental do compressor de ar silencioso e \u00f3leo menos"},"content":{"rendered":"<p>Uso m\u00e9dico de compressores de ar odontol\u00f3gico, silencioso e sem \u00f3leo, com boa qualidade, super silencioso e oferecendo ar puro para equipamentos odontol\u00f3gicos.<\/p>\n<h4>Especifica\u00e7\u00f5es<\/h4>\n<p>&nbsp;<\/p>\n<p>Tens\u00e3o nominal: 220V \/ 110V<\/p>\n<p>Frequ\u00eancia: 50Hz \/ 60HZ<\/p>\n<p>Pot\u00eancia: 750W \/ 1HP<\/p>\n<p>Velocidade de rota\u00e7\u00e3o: 1400RPM \/ 1680RPM<\/p>\n<p>Capacidade atual: 150L \/ min<\/p>\n<p>Ru\u00eddo: 55dB Press\u00e3o de trabalho: 0.8Mpa<\/p>\n<p>Press\u00e3o de exaust\u00e3o fixa: 0.85Mpa<\/p>\n<p>Volume: 35L L * W * H (CM): 440 * 440 * 660<\/p>\n<p>Observa\u00e7\u00f5es: uma para duas unidades<\/p>","protected":false},"excerpt":{"rendered":"<p>Modelo: SP-70\/8<br \/>\nPedido m\u00ednimo: 30 pcs<br \/>\nTempo de entrega: 25-35 dias<\/p>","protected":false},"featured_media":620,"comment_status":"closed","ping_status":"closed","template":"","meta":{"_uag_custom_page_level_css":"","_kad_post_transparent":"","_kad_post_title":"","_kad_post_layout":"","_kad_post_sidebar_id":"","_kad_post_content_style":"","_kad_post_vertical_padding":"","_kad_post_feature":"","_kad_post_feature_position":"","_kad_post_header":false,"_kad_post_footer":false,"_kad_post_classname":""},"product_brand":[],"product_cat":[17],"product_tag":[22,23,24],"class_list":{"0":"post-912","1":"product","2":"type-product","3":"status-publish","4":"has-post-thumbnail","6":"product_cat-dental-air-compressor","7":"product_tag-debtal-air-compressor","8":"product_tag-oil-free","9":"product_tag-silent","11":"first","12":"instock","13":"shipping-taxable","14":"product-type-simple","15":"entry","16":"content-bg","17":"loop-entry"},"uagb_featured_image_src":{"full":["https:\/\/shenronltd.com\/wp-content\/uploads\/2020\/06\/1HP-35L-1-e1591580402368.jpg",1024,1024,false],"thumbnail":["https:\/\/shenronltd.com\/wp-content\/uploads\/2020\/06\/1HP-35L-1-150x150.jpg",150,150,true],"medium":["https:\/\/shenronltd.com\/wp-content\/uploads\/2020\/06\/1HP-35L-1-300x300.jpg",300,300,true],"medium_large":["https:\/\/shenronltd.com\/wp-content\/uploads\/2020\/06\/1HP-35L-1-768x768.jpg",768,768,true],"large":["https:\/\/shenronltd.com\/wp-content\/uploads\/2020\/06\/1HP-35L-1-1024x1024.jpg",1024,1024,true],"1536x1536":["https:\/\/shenronltd.com\/wp-content\/uploads\/2020\/06\/1HP-35L-1-1536x1536.jpg",1536,1536,true],"2048x2048":["https:\/\/shenronltd.com\/wp-content\/uploads\/2020\/06\/1HP-35L-1-e1591580402368.jpg",1024,1024,false],"trp-custom-language-flag":["https:\/\/shenronltd.com\/wp-content\/uploads\/2020\/06\/1HP-35L-1-e1591580402368.jpg",12,12,false],"woocommerce_thumbnail":["https:\/\/shenronltd.com\/wp-content\/uploads\/2020\/06\/1HP-35L-1-e1591580402368-300x400.jpg",300,400,true],"woocommerce_single":["https:\/\/shenronltd.com\/wp-content\/uploads\/2020\/06\/1HP-35L-1-e1591580402368-600x600.jpg",600,600,true],"woocommerce_gallery_thumbnail":["https:\/\/shenronltd.com\/wp-content\/uploads\/2020\/06\/1HP-35L-1-e1591580402368-100x100.jpg",100,100,true]},"uagb_author_info":{"display_name":"Owner","author_link":"https:\/\/shenronltd.com\/pt\/author\/"},"uagb_comment_info":0,"uagb_excerpt":"Model No: SP-70\/8 Minimum Order:30 pcs Delivery Time:25-35 days","_links":{"self":[{"href":"https:\/\/shenronltd.com\/pt\/wp-json\/wp\/v2\/product\/912","targetHints":{"allow":["GET"]}}],"collection":[{"href":"https:\/\/shenronltd.com\/pt\/wp-json\/wp\/v2\/product"}],"about":[{"href":"https:\/\/shenronltd.com\/pt\/wp-json\/wp\/v2\/types\/product"}],"replies":[{"embeddable":true,"href":"https:\/\/shenronltd.com\/pt\/wp-json\/wp\/v2\/comments?post=912"}],"wp:featuredmedia":[{"embeddable":true,"href":"https:\/\/shenronltd.com\/pt\/wp-json\/wp\/v2\/media\/620"}],"wp:attachment":[{"href":"https:\/\/shenronltd.com\/pt\/wp-json\/wp\/v2\/media?parent=912"}],"wp:term":[{"taxonomy":"product_brand","embeddable":true,"href":"https:\/\/shenronltd.com\/pt\/wp-json\/wp\/v2\/product_brand?post=912"},{"taxonomy":"product_cat","embeddable":true,"href":"https:\/\/shenronltd.com\/pt\/wp-json\/wp\/v2\/product_cat?post=912"},{"taxonomy":"product_tag","embeddable":true,"href":"https:\/\/shenronltd.com\/pt\/wp-json\/wp\/v2\/product_tag?post=912"}],"curies":[{"name":"wp","href":"https:\/\/api.w.org\/{rel}","templated":true}]}}