{"id":952,"date":"2020-06-10T12:08:28","date_gmt":"2020-06-10T12:08:28","guid":{"rendered":"https:\/\/shenronltd.com\/?post_type=product&#038;p=952"},"modified":"2020-06-16T09:59:39","modified_gmt":"2020-06-16T09:59:39","slug":"1-hp-ultra-quietoil-free-air-compressor-pump-motor-sp750","status":"publish","type":"product","link":"https:\/\/shenronltd.com\/fr\/produit\/1-hp-ultra-quietoil-free-air-compressor-pump-motor-sp750\/","title":{"rendered":"Pompe \/ moteur de compresseur d&#039;air ultra silencieux et sans huile 1 HP SP750"},"content":{"rendered":"<h4>Caract\u00e9ristiques<\/h4>\n<p>&nbsp;<\/p>\n<p>Pompe \u00e0 air, pompe sans huile et silencieux, tr\u00e8s longue dur\u00e9e de vie.<\/p>\n<p>Tension nominale: 110-220V<\/p>\n<p>Puissance d&#039;entr\u00e9e: 750 W<\/p>\n<p>Vitesse nominale: \u22651400 \/ 1680 Temp\u00e9rature: 5 ~ 40<\/p>\n<p>Pression de travail: 800Kpa (115PSI)<\/p>\n<p>D\u00e9bit volum\u00e9trique: 5,65CFM (150L \/ min)<\/p>\n<p>Encore une fois pression de d\u00e9part: 0Kpa (OPSI)<\/p>\n<p>Bruit: 60dB<\/p>\n<p>Poids: 10Kg<\/p>\n<p>Classe d&#039;isolation: B<\/p>\n<p>Protecteur chaud: 135 \u00b1 5 (r\u00e9initialisation automatique)<\/p>\n<p>L * W * H (CM): 271 * 130 * 205mm<\/p>","protected":false},"excerpt":{"rendered":"<p>Num\u00e9ro de mod\u00e8le: SP800<br \/>\nCommande minimum: 50 pi\u00e8ces<br \/>\nD\u00e9lai de livraison: 25-35 jours<\/p>","protected":false},"featured_media":955,"comment_status":"closed","ping_status":"closed","template":"","meta":{"_uag_custom_page_level_css":"","_kad_post_transparent":"","_kad_post_title":"","_kad_post_layout":"","_kad_post_sidebar_id":"","_kad_post_content_style":"","_kad_post_vertical_padding":"","_kad_post_feature":"","_kad_post_feature_position":"","_kad_post_header":false,"_kad_post_footer":false,"_kad_post_classname":""},"product_brand":[],"product_cat":[29],"product_tag":[33,30,31,25,23,32],"class_list":{"0":"post-952","1":"product","2":"type-product","3":"status-publish","4":"has-post-thumbnail","6":"product_cat-air-pump","7":"product_tag-air-motor","8":"product_tag-air-pump","9":"product_tag-compressor-motor","10":"product_tag-noiseless","11":"product_tag-oil-free","12":"product_tag-oilless-pump","14":"first","15":"instock","16":"shipping-taxable","17":"product-type-simple","18":"entry","19":"content-bg","20":"loop-entry"},"uagb_featured_image_src":{"full":["https:\/\/shenronltd.com\/wp-content\/uploads\/2020\/06\/1HP-Ultra-Quiet-Oil-Free-Air-Compressor-Pump-Motor-SP750-e1591791569276.jpg",1590,1590,false],"thumbnail":["https:\/\/shenronltd.com\/wp-content\/uploads\/2020\/06\/1HP-Ultra-Quiet-Oil-Free-Air-Compressor-Pump-Motor-SP750-150x150.jpg",150,150,true],"medium":["https:\/\/shenronltd.com\/wp-content\/uploads\/2020\/06\/1HP-Ultra-Quiet-Oil-Free-Air-Compressor-Pump-Motor-SP750-300x300.jpg",300,300,true],"medium_large":["https:\/\/shenronltd.com\/wp-content\/uploads\/2020\/06\/1HP-Ultra-Quiet-Oil-Free-Air-Compressor-Pump-Motor-SP750-768x768.jpg",768,768,true],"large":["https:\/\/shenronltd.com\/wp-content\/uploads\/2020\/06\/1HP-Ultra-Quiet-Oil-Free-Air-Compressor-Pump-Motor-SP750-1024x1024.jpg",1024,1024,true],"1536x1536":["https:\/\/shenronltd.com\/wp-content\/uploads\/2020\/06\/1HP-Ultra-Quiet-Oil-Free-Air-Compressor-Pump-Motor-SP750-1536x1536.jpg",1536,1536,true],"2048x2048":["https:\/\/shenronltd.com\/wp-content\/uploads\/2020\/06\/1HP-Ultra-Quiet-Oil-Free-Air-Compressor-Pump-Motor-SP750-e1591791569276.jpg",1590,1590,false],"trp-custom-language-flag":["https:\/\/shenronltd.com\/wp-content\/uploads\/2020\/06\/1HP-Ultra-Quiet-Oil-Free-Air-Compressor-Pump-Motor-SP750-e1591791569276.jpg",12,12,false],"woocommerce_thumbnail":["https:\/\/shenronltd.com\/wp-content\/uploads\/2020\/06\/1HP-Ultra-Quiet-Oil-Free-Air-Compressor-Pump-Motor-SP750-e1591791569276-300x400.jpg",300,400,true],"woocommerce_single":["https:\/\/shenronltd.com\/wp-content\/uploads\/2020\/06\/1HP-Ultra-Quiet-Oil-Free-Air-Compressor-Pump-Motor-SP750-e1591791569276-600x600.jpg",600,600,true],"woocommerce_gallery_thumbnail":["https:\/\/shenronltd.com\/wp-content\/uploads\/2020\/06\/1HP-Ultra-Quiet-Oil-Free-Air-Compressor-Pump-Motor-SP750-e1591791569276-100x100.jpg",100,100,true]},"uagb_author_info":{"display_name":"Owner","author_link":"https:\/\/shenronltd.com\/fr\/author\/"},"uagb_comment_info":0,"uagb_excerpt":"Model No: SP800 Minimum Order:50 pcs Delivery Time:25-35 days","_links":{"self":[{"href":"https:\/\/shenronltd.com\/fr\/wp-json\/wp\/v2\/product\/952","targetHints":{"allow":["GET"]}}],"collection":[{"href":"https:\/\/shenronltd.com\/fr\/wp-json\/wp\/v2\/product"}],"about":[{"href":"https:\/\/shenronltd.com\/fr\/wp-json\/wp\/v2\/types\/product"}],"replies":[{"embeddable":true,"href":"https:\/\/shenronltd.com\/fr\/wp-json\/wp\/v2\/comments?post=952"}],"wp:featuredmedia":[{"embeddable":true,"href":"https:\/\/shenronltd.com\/fr\/wp-json\/wp\/v2\/media\/955"}],"wp:attachment":[{"href":"https:\/\/shenronltd.com\/fr\/wp-json\/wp\/v2\/media?parent=952"}],"wp:term":[{"taxonomy":"product_brand","embeddable":true,"href":"https:\/\/shenronltd.com\/fr\/wp-json\/wp\/v2\/product_brand?post=952"},{"taxonomy":"product_cat","embeddable":true,"href":"https:\/\/shenronltd.com\/fr\/wp-json\/wp\/v2\/product_cat?post=952"},{"taxonomy":"product_tag","embeddable":true,"href":"https:\/\/shenronltd.com\/fr\/wp-json\/wp\/v2\/product_tag?post=952"}],"curies":[{"name":"wp","href":"https:\/\/api.w.org\/{rel}","templated":true}]}}