{"id":927,"date":"2020-06-10T10:58:36","date_gmt":"2020-06-10T10:58:36","guid":{"rendered":"https:\/\/shenronltd.com\/?post_type=product&#038;p=927"},"modified":"2023-03-29T00:05:51","modified_gmt":"2023-03-29T00:05:51","slug":"home-auto-maintenance-oil-free-air-compressor-sp-750-30","status":"publish","type":"product","link":"https:\/\/shenronltd.com\/fr\/produit\/home-auto-maintenance-oil-free-air-compressor-sp-750-30\/","title":{"rendered":"Accueil Auto Maintenance Compresseur d&#039;air sans huile SP-750\/30"},"content":{"rendered":"<h3>Caract\u00e9ristiques<\/h3>\n<p>&nbsp;<\/p>\n<p>Compresseur d&#039;air silencieux et sans huile<br \/>\n1. compresseur d&#039;air sans huile<br \/>\nCompresseur d&#039;air 2.CE ISO.<br \/>\n3. \u00e9conomie d&#039;\u00e9lectricit\u00e9 et longue dur\u00e9e de vie<\/p>\n<p>Accueil Entretien automobile Compresseur d&#039;air sans huile<br \/>\nTension: 110-220V<br \/>\nPuissance (W): 750<br \/>\nCapacit\u00e9 (L \/ min): 150<br \/>\nBruit (dB): 63<br \/>\nVitesse (r \/ min): 1400\/1680<br \/>\nR\u00e9servoir (L): 30<br \/>\nMax. pression (Mpa): 0.8<br \/>\nPression de d\u00e9part (Mpa): 0,6<br \/>\nTaille (L * W * Hmm): 600 * 300 * 590<\/p>","protected":false},"excerpt":{"rendered":"<p>Num\u00e9ro de mod\u00e8le: SP-750\/30<br \/>\nCommande minimum: 30 pi\u00e8ces<br \/>\nD\u00e9lai de livraison: 25-35 jours<\/p>","protected":false},"featured_media":928,"comment_status":"closed","ping_status":"closed","template":"","meta":{"_uag_custom_page_level_css":"","_kad_post_transparent":"","_kad_post_title":"","_kad_post_layout":"","_kad_post_sidebar_id":"","_kad_post_content_style":"","_kad_post_vertical_padding":"","_kad_post_feature":"","_kad_post_feature_position":"","_kad_post_header":false,"_kad_post_footer":false,"_kad_post_classname":""},"product_brand":[],"product_cat":[19],"product_tag":[26,27,25,23,24],"class_list":{"0":"post-927","1":"product","2":"type-product","3":"status-publish","4":"has-post-thumbnail","6":"product_cat-oil-free-air-compressor","7":"product_tag-automatic","8":"product_tag-industrial","9":"product_tag-noiseless","10":"product_tag-oil-free","11":"product_tag-silent","13":"first","14":"instock","15":"shipping-taxable","16":"product-type-simple","17":"entry","18":"content-bg","19":"loop-entry"},"uagb_featured_image_src":{"full":["https:\/\/shenronltd.com\/wp-content\/uploads\/2020\/06\/30L-scaled.jpg",2560,2560,false],"thumbnail":["https:\/\/shenronltd.com\/wp-content\/uploads\/2020\/06\/30L-150x150.jpg",150,150,true],"medium":["https:\/\/shenronltd.com\/wp-content\/uploads\/2020\/06\/30L-300x300.jpg",300,300,true],"medium_large":["https:\/\/shenronltd.com\/wp-content\/uploads\/2020\/06\/30L-768x768.jpg",768,768,true],"large":["https:\/\/shenronltd.com\/wp-content\/uploads\/2020\/06\/30L-1024x1024.jpg",1024,1024,true],"1536x1536":["https:\/\/shenronltd.com\/wp-content\/uploads\/2020\/06\/30L-1536x1536.jpg",1536,1536,true],"2048x2048":["https:\/\/shenronltd.com\/wp-content\/uploads\/2020\/06\/30L-2048x2048.jpg",2048,2048,true],"trp-custom-language-flag":["https:\/\/shenronltd.com\/wp-content\/uploads\/2020\/06\/30L-scaled.jpg",12,12,false],"woocommerce_thumbnail":["https:\/\/shenronltd.com\/wp-content\/uploads\/2020\/06\/30L-scaled-300x400.jpg",300,400,true],"woocommerce_single":["https:\/\/shenronltd.com\/wp-content\/uploads\/2020\/06\/30L-scaled-600x600.jpg",600,600,true],"woocommerce_gallery_thumbnail":["https:\/\/shenronltd.com\/wp-content\/uploads\/2020\/06\/30L-scaled-100x100.jpg",100,100,true]},"uagb_author_info":{"display_name":"Owner","author_link":"https:\/\/shenronltd.com\/fr\/author\/"},"uagb_comment_info":0,"uagb_excerpt":"Model No: SP-750\/30 Minimum Order:30 pcs Delivery Time:25-35 days","_links":{"self":[{"href":"https:\/\/shenronltd.com\/fr\/wp-json\/wp\/v2\/product\/927","targetHints":{"allow":["GET"]}}],"collection":[{"href":"https:\/\/shenronltd.com\/fr\/wp-json\/wp\/v2\/product"}],"about":[{"href":"https:\/\/shenronltd.com\/fr\/wp-json\/wp\/v2\/types\/product"}],"replies":[{"embeddable":true,"href":"https:\/\/shenronltd.com\/fr\/wp-json\/wp\/v2\/comments?post=927"}],"wp:featuredmedia":[{"embeddable":true,"href":"https:\/\/shenronltd.com\/fr\/wp-json\/wp\/v2\/media\/928"}],"wp:attachment":[{"href":"https:\/\/shenronltd.com\/fr\/wp-json\/wp\/v2\/media?parent=927"}],"wp:term":[{"taxonomy":"product_brand","embeddable":true,"href":"https:\/\/shenronltd.com\/fr\/wp-json\/wp\/v2\/product_brand?post=927"},{"taxonomy":"product_cat","embeddable":true,"href":"https:\/\/shenronltd.com\/fr\/wp-json\/wp\/v2\/product_cat?post=927"},{"taxonomy":"product_tag","embeddable":true,"href":"https:\/\/shenronltd.com\/fr\/wp-json\/wp\/v2\/product_tag?post=927"}],"curies":[{"name":"wp","href":"https:\/\/api.w.org\/{rel}","templated":true}]}}