{"id":912,"date":"2020-06-10T08:33:31","date_gmt":"2020-06-10T08:33:31","guid":{"rendered":"https:\/\/shenronltd.com\/?post_type=product&#038;p=912"},"modified":"2023-03-29T00:00:04","modified_gmt":"2023-03-29T00:00:04","slug":"dental-air-compressor-medical-use-noiseless-and-oil-less","status":"publish","type":"product","link":"https:\/\/shenronltd.com\/fr\/produit\/dental-air-compressor-medical-use-noiseless-and-oil-less\/","title":{"rendered":"Utilisation m\u00e9dicale de compresseur d&#039;air dentaire silencieux et d&#039;huile moins"},"content":{"rendered":"<p>Compresseur d&#039;air dentaire Utilisation m\u00e9dicale silencieuse et sans huile avec une bonne qualit\u00e9, super silencieux et offrant un air propre pour les \u00e9quipements dentaires.<\/p>\n<h4>Caract\u00e9ristiques<\/h4>\n<p>&nbsp;<\/p>\n<p>Tension nominale: 220V \/ 110V<\/p>\n<p>Fr\u00e9quence: 50Hz \/ 60HZ<\/p>\n<p>Puissance: 750W \/ 1HP<\/p>\n<p>Vitesse de rotation: 1400 tr \/ min \/ 1680 tr \/ min<\/p>\n<p>Capacit\u00e9 actuelle: 150L \/ min<\/p>\n<p>Bruit: 55dB Pression de travail: 0.8Mpa<\/p>\n<p>Pression d&#039;\u00e9chappement fixe: 0.85Mpa<\/p>\n<p>Volume: 35L L * W * H (CM): 440 * 440 * 660<\/p>\n<p>Remarques: un pour deux unit\u00e9s<\/p>","protected":false},"excerpt":{"rendered":"<p>Num\u00e9ro de mod\u00e8le: SP-70\/8<br \/>\nCommande minimum: 30 pi\u00e8ces<br \/>\nD\u00e9lai de livraison: 25-35 jours<\/p>","protected":false},"featured_media":620,"comment_status":"closed","ping_status":"closed","template":"","meta":{"_uag_custom_page_level_css":"","_kad_post_transparent":"","_kad_post_title":"","_kad_post_layout":"","_kad_post_sidebar_id":"","_kad_post_content_style":"","_kad_post_vertical_padding":"","_kad_post_feature":"","_kad_post_feature_position":"","_kad_post_header":false,"_kad_post_footer":false,"_kad_post_classname":""},"product_brand":[],"product_cat":[17],"product_tag":[22,23,24],"class_list":{"0":"post-912","1":"product","2":"type-product","3":"status-publish","4":"has-post-thumbnail","6":"product_cat-dental-air-compressor","7":"product_tag-debtal-air-compressor","8":"product_tag-oil-free","9":"product_tag-silent","11":"first","12":"instock","13":"shipping-taxable","14":"product-type-simple","15":"entry","16":"content-bg","17":"loop-entry"},"uagb_featured_image_src":{"full":["https:\/\/shenronltd.com\/wp-content\/uploads\/2020\/06\/1HP-35L-1-e1591580402368.jpg",1024,1024,false],"thumbnail":["https:\/\/shenronltd.com\/wp-content\/uploads\/2020\/06\/1HP-35L-1-150x150.jpg",150,150,true],"medium":["https:\/\/shenronltd.com\/wp-content\/uploads\/2020\/06\/1HP-35L-1-300x300.jpg",300,300,true],"medium_large":["https:\/\/shenronltd.com\/wp-content\/uploads\/2020\/06\/1HP-35L-1-768x768.jpg",768,768,true],"large":["https:\/\/shenronltd.com\/wp-content\/uploads\/2020\/06\/1HP-35L-1-1024x1024.jpg",1024,1024,true],"1536x1536":["https:\/\/shenronltd.com\/wp-content\/uploads\/2020\/06\/1HP-35L-1-1536x1536.jpg",1536,1536,true],"2048x2048":["https:\/\/shenronltd.com\/wp-content\/uploads\/2020\/06\/1HP-35L-1-e1591580402368.jpg",1024,1024,false],"trp-custom-language-flag":["https:\/\/shenronltd.com\/wp-content\/uploads\/2020\/06\/1HP-35L-1-e1591580402368.jpg",12,12,false],"woocommerce_thumbnail":["https:\/\/shenronltd.com\/wp-content\/uploads\/2020\/06\/1HP-35L-1-e1591580402368-300x400.jpg",300,400,true],"woocommerce_single":["https:\/\/shenronltd.com\/wp-content\/uploads\/2020\/06\/1HP-35L-1-e1591580402368-600x600.jpg",600,600,true],"woocommerce_gallery_thumbnail":["https:\/\/shenronltd.com\/wp-content\/uploads\/2020\/06\/1HP-35L-1-e1591580402368-100x100.jpg",100,100,true]},"uagb_author_info":{"display_name":"Owner","author_link":"https:\/\/shenronltd.com\/fr\/author\/"},"uagb_comment_info":0,"uagb_excerpt":"Model No: SP-70\/8 Minimum Order:30 pcs Delivery Time:25-35 days","_links":{"self":[{"href":"https:\/\/shenronltd.com\/fr\/wp-json\/wp\/v2\/product\/912","targetHints":{"allow":["GET"]}}],"collection":[{"href":"https:\/\/shenronltd.com\/fr\/wp-json\/wp\/v2\/product"}],"about":[{"href":"https:\/\/shenronltd.com\/fr\/wp-json\/wp\/v2\/types\/product"}],"replies":[{"embeddable":true,"href":"https:\/\/shenronltd.com\/fr\/wp-json\/wp\/v2\/comments?post=912"}],"wp:featuredmedia":[{"embeddable":true,"href":"https:\/\/shenronltd.com\/fr\/wp-json\/wp\/v2\/media\/620"}],"wp:attachment":[{"href":"https:\/\/shenronltd.com\/fr\/wp-json\/wp\/v2\/media?parent=912"}],"wp:term":[{"taxonomy":"product_brand","embeddable":true,"href":"https:\/\/shenronltd.com\/fr\/wp-json\/wp\/v2\/product_brand?post=912"},{"taxonomy":"product_cat","embeddable":true,"href":"https:\/\/shenronltd.com\/fr\/wp-json\/wp\/v2\/product_cat?post=912"},{"taxonomy":"product_tag","embeddable":true,"href":"https:\/\/shenronltd.com\/fr\/wp-json\/wp\/v2\/product_tag?post=912"}],"curies":[{"name":"wp","href":"https:\/\/api.w.org\/{rel}","templated":true}]}}